{"id":96,"date":"2016-12-22T13:38:30","date_gmt":"2016-12-22T12:38:30","guid":{"rendered":"http:\/\/zeutelier.free.fr\/?page_id=96"},"modified":"2023-09-24T15:27:55","modified_gmt":"2023-09-24T13:27:55","slug":"des-liens","status":"publish","type":"page","link":"https:\/\/zeutelier.fr\/?page_id=96","title":{"rendered":"Des liens"},"content":{"rendered":"\n<p>Quelques liens dans le d\u00e9sordre vers des comptes Youtube que je suis ou que j&rsquo;appr\u00e9cie.<\/p>\n\n\n\n<p>Et si vous \u00eates bricoleur, vous allez adorer ces pages Youtubes. Parce que ceux-ci&nbsp;vont potentiellement vous expliquer qu&rsquo;en fait,&nbsp;par rapport \u00e0 eux, vous faites du coloriage. Ils sont une source d&rsquo;inspiration et de formation importante pour ce que je fais.<\/p>\n\n\n\n<figure class=\"wp-block-image aligncenter size-large\"><a href=\"https:\/\/www.youtube.com\/channel\/UC6x7GwJxuoABSosgVXDYtTw\"><img loading=\"lazy\" decoding=\"async\" width=\"1024\" height=\"169\" src=\"https:\/\/zeutelier.fr\/wp-content\/uploads\/2023\/09\/ILTMS-1024x169.jpg\" alt=\"\" class=\"wp-image-6494\" srcset=\"https:\/\/zeutelier.fr\/wp-content\/uploads\/2023\/09\/ILTMS-1024x169.jpg 1024w, https:\/\/zeutelier.fr\/wp-content\/uploads\/2023\/09\/ILTMS-300x49.jpg 300w, https:\/\/zeutelier.fr\/wp-content\/uploads\/2023\/09\/ILTMS-768x126.jpg 768w, https:\/\/zeutelier.fr\/wp-content\/uploads\/2023\/09\/ILTMS.jpg 1263w\" sizes=\"auto, (max-width: 1024px) 100vw, 1024px\" \/><\/a><\/figure>\n\n\n\n<figure class=\"wp-block-image aligncenter size-large\"><a href=\"https:\/\/www.youtube.com\/user\/jimmydiresta\"><img loading=\"lazy\" decoding=\"async\" width=\"1024\" height=\"169\" src=\"https:\/\/zeutelier.fr\/wp-content\/uploads\/2023\/09\/diresta-1024x169.jpg\" alt=\"\" class=\"wp-image-6493\" srcset=\"https:\/\/zeutelier.fr\/wp-content\/uploads\/2023\/09\/diresta-1024x169.jpg 1024w, https:\/\/zeutelier.fr\/wp-content\/uploads\/2023\/09\/diresta-300x49.jpg 300w, https:\/\/zeutelier.fr\/wp-content\/uploads\/2023\/09\/diresta-768x127.jpg 768w, https:\/\/zeutelier.fr\/wp-content\/uploads\/2023\/09\/diresta.jpg 1262w\" sizes=\"auto, (max-width: 1024px) 100vw, 1024px\" \/><\/a><\/figure>\n\n\n\n<figure class=\"wp-block-image aligncenter size-large\"><a href=\"https:\/\/www.youtube.com\/user\/Matthiaswandel\"><img loading=\"lazy\" decoding=\"async\" width=\"1024\" height=\"169\" src=\"https:\/\/zeutelier.fr\/wp-content\/uploads\/2023\/09\/wandel-1024x169.jpg\" alt=\"\" class=\"wp-image-6497\" srcset=\"https:\/\/zeutelier.fr\/wp-content\/uploads\/2023\/09\/wandel-1024x169.jpg 1024w, https:\/\/zeutelier.fr\/wp-content\/uploads\/2023\/09\/wandel-300x50.jpg 300w, https:\/\/zeutelier.fr\/wp-content\/uploads\/2023\/09\/wandel-768x127.jpg 768w, https:\/\/zeutelier.fr\/wp-content\/uploads\/2023\/09\/wandel.jpg 1259w\" sizes=\"auto, (max-width: 1024px) 100vw, 1024px\" \/><\/a><\/figure>\n\n\n\n<figure class=\"wp-block-image aligncenter size-full\"><a href=\"https:\/\/www.youtube.com\/channel\/UCWizIdwZdmr43zfxlCktmNw\"><img loading=\"lazy\" decoding=\"async\" width=\"1024\" height=\"177\" src=\"https:\/\/zeutelier.fr\/wp-content\/uploads\/2023\/09\/Alec-steel-1024x177-1.jpg\" alt=\"\" class=\"wp-image-6491\" srcset=\"https:\/\/zeutelier.fr\/wp-content\/uploads\/2023\/09\/Alec-steel-1024x177-1.jpg 1024w, https:\/\/zeutelier.fr\/wp-content\/uploads\/2023\/09\/Alec-steel-1024x177-1-300x52.jpg 300w, https:\/\/zeutelier.fr\/wp-content\/uploads\/2023\/09\/Alec-steel-1024x177-1-768x133.jpg 768w\" sizes=\"auto, (max-width: 1024px) 100vw, 1024px\" \/><\/a><\/figure>\n\n\n\n<figure class=\"wp-block-image aligncenter size-full\"><a href=\"https:\/\/www.youtube.com\/channel\/UCRix1GJvSBNDpEFY561eSzw\"><img loading=\"lazy\" decoding=\"async\" width=\"1024\" height=\"167\" src=\"https:\/\/zeutelier.fr\/wp-content\/uploads\/2023\/09\/laura-Kamph-1024x167-1.jpg\" alt=\"\" class=\"wp-image-6495\" srcset=\"https:\/\/zeutelier.fr\/wp-content\/uploads\/2023\/09\/laura-Kamph-1024x167-1.jpg 1024w, https:\/\/zeutelier.fr\/wp-content\/uploads\/2023\/09\/laura-Kamph-1024x167-1-300x49.jpg 300w, https:\/\/zeutelier.fr\/wp-content\/uploads\/2023\/09\/laura-Kamph-1024x167-1-768x125.jpg 768w\" sizes=\"auto, (max-width: 1024px) 100vw, 1024px\" \/><\/a><\/figure>\n\n\n\n<figure class=\"wp-block-image aligncenter size-full\"><a href=\"https:\/\/www.youtube.com\/channel\/UC9fGq2-6FaftcegcIadLf6A\"><img loading=\"lazy\" decoding=\"async\" width=\"1024\" height=\"168\" src=\"https:\/\/zeutelier.fr\/wp-content\/uploads\/2023\/09\/TEB-1024x168-1.jpg\" alt=\"\" class=\"wp-image-6496\" srcset=\"https:\/\/zeutelier.fr\/wp-content\/uploads\/2023\/09\/TEB-1024x168-1.jpg 1024w, https:\/\/zeutelier.fr\/wp-content\/uploads\/2023\/09\/TEB-1024x168-1-300x49.jpg 300w, https:\/\/zeutelier.fr\/wp-content\/uploads\/2023\/09\/TEB-1024x168-1-768x126.jpg 768w\" sizes=\"auto, (max-width: 1024px) 100vw, 1024px\" \/><\/a><\/figure>\n\n\n\n<p>Et pour finir, je me fais un peu de pub avec mon deuxi\u00e8me blog o\u00f9&nbsp;j&rsquo;\u00e9cris plein de truc sur tout et n&rsquo;importe quoi.<\/p>\n\n\n\n<figure class=\"wp-block-image aligncenter size-full\"><a href=\"http:\/\/zeuboiboite.free.fr\/\"><img loading=\"lazy\" decoding=\"async\" width=\"300\" height=\"40\" src=\"https:\/\/zeutelier.fr\/wp-content\/uploads\/2023\/09\/banniere-300x40-1.jpg\" alt=\"\" class=\"wp-image-6492\"\/><\/a><\/figure>\n","protected":false},"excerpt":{"rendered":"<p>Quelques liens dans le d\u00e9sordre vers des comptes Youtube que je suis ou que j&rsquo;appr\u00e9cie. Et si vous \u00eates bricoleur, vous allez adorer ces pages [&#8230;]<\/p>\n","protected":false},"author":1,"featured_media":0,"parent":0,"menu_order":0,"comment_status":"closed","ping_status":"closed","template":"","meta":{"footnotes":""},"class_list":["post-96","page","type-page","status-publish","hentry"],"yoast_head":"<!-- This site is optimized with the Yoast SEO plugin v27.4 - https:\/\/yoast.com\/product\/yoast-seo-wordpress\/ -->\n<title>Des liens - Zeutelier<\/title>\n<meta name=\"robots\" content=\"index, follow, max-snippet:-1, max-image-preview:large, max-video-preview:-1\" \/>\n<link rel=\"canonical\" href=\"https:\/\/zeutelier.fr\/?page_id=96\" \/>\n<meta property=\"og:locale\" content=\"fr_FR\" \/>\n<meta property=\"og:type\" content=\"article\" \/>\n<meta property=\"og:title\" content=\"Des liens - Zeutelier\" \/>\n<meta property=\"og:description\" content=\"Quelques liens dans le d\u00e9sordre vers des comptes Youtube que je suis ou que j&rsquo;appr\u00e9cie. Et si vous \u00eates bricoleur, vous allez adorer ces pages [...]\" \/>\n<meta property=\"og:url\" content=\"https:\/\/zeutelier.fr\/?page_id=96\" \/>\n<meta property=\"og:site_name\" content=\"Zeutelier\" \/>\n<meta property=\"article:publisher\" content=\"https:\/\/www.facebook.com\/zeutelier\/\" \/>\n<meta property=\"article:modified_time\" content=\"2023-09-24T13:27:55+00:00\" \/>\n<meta property=\"og:image\" content=\"http:\/\/zeutelier.fr\/wp-content\/uploads\/2023\/09\/ILTMS-1024x169.jpg\" \/>\n<meta name=\"twitter:card\" content=\"summary_large_image\" \/>\n<meta name=\"twitter:label1\" content=\"Dur\u00e9e de lecture estim\u00e9e\" \/>\n\t<meta name=\"twitter:data1\" content=\"2 minutes\" \/>\n<script type=\"application\/ld+json\" class=\"yoast-schema-graph\">{\"@context\":\"https:\\\/\\\/schema.org\",\"@graph\":[{\"@type\":\"WebPage\",\"@id\":\"https:\\\/\\\/zeutelier.fr\\\/?page_id=96\",\"url\":\"https:\\\/\\\/zeutelier.fr\\\/?page_id=96\",\"name\":\"Des liens - Zeutelier\",\"isPartOf\":{\"@id\":\"https:\\\/\\\/zeutelier.fr\\\/#website\"},\"primaryImageOfPage\":{\"@id\":\"https:\\\/\\\/zeutelier.fr\\\/?page_id=96#primaryimage\"},\"image\":{\"@id\":\"https:\\\/\\\/zeutelier.fr\\\/?page_id=96#primaryimage\"},\"thumbnailUrl\":\"http:\\\/\\\/zeutelier.fr\\\/wp-content\\\/uploads\\\/2023\\\/09\\\/ILTMS-1024x169.jpg\",\"datePublished\":\"2016-12-22T12:38:30+00:00\",\"dateModified\":\"2023-09-24T13:27:55+00:00\",\"breadcrumb\":{\"@id\":\"https:\\\/\\\/zeutelier.fr\\\/?page_id=96#breadcrumb\"},\"inLanguage\":\"fr-FR\",\"potentialAction\":[{\"@type\":\"ReadAction\",\"target\":[\"https:\\\/\\\/zeutelier.fr\\\/?page_id=96\"]}]},{\"@type\":\"ImageObject\",\"inLanguage\":\"fr-FR\",\"@id\":\"https:\\\/\\\/zeutelier.fr\\\/?page_id=96#primaryimage\",\"url\":\"http:\\\/\\\/zeutelier.fr\\\/wp-content\\\/uploads\\\/2023\\\/09\\\/ILTMS-1024x169.jpg\",\"contentUrl\":\"http:\\\/\\\/zeutelier.fr\\\/wp-content\\\/uploads\\\/2023\\\/09\\\/ILTMS-1024x169.jpg\"},{\"@type\":\"BreadcrumbList\",\"@id\":\"https:\\\/\\\/zeutelier.fr\\\/?page_id=96#breadcrumb\",\"itemListElement\":[{\"@type\":\"ListItem\",\"position\":1,\"name\":\"Accueil\",\"item\":\"https:\\\/\\\/zeutelier.fr\\\/\"},{\"@type\":\"ListItem\",\"position\":2,\"name\":\"Des liens\"}]},{\"@type\":\"WebSite\",\"@id\":\"https:\\\/\\\/zeutelier.fr\\\/#website\",\"url\":\"https:\\\/\\\/zeutelier.fr\\\/\",\"name\":\"Zeutelier\",\"description\":\"L&#039;art de fabriquer des trucs avec n&#039;importe quoi\",\"publisher\":{\"@id\":\"https:\\\/\\\/zeutelier.fr\\\/#organization\"},\"alternateName\":\"Zeu'telier\",\"potentialAction\":[{\"@type\":\"SearchAction\",\"target\":{\"@type\":\"EntryPoint\",\"urlTemplate\":\"https:\\\/\\\/zeutelier.fr\\\/?s={search_term_string}\"},\"query-input\":{\"@type\":\"PropertyValueSpecification\",\"valueRequired\":true,\"valueName\":\"search_term_string\"}}],\"inLanguage\":\"fr-FR\"},{\"@type\":\"Organization\",\"@id\":\"https:\\\/\\\/zeutelier.fr\\\/#organization\",\"name\":\"zeutelier\",\"url\":\"https:\\\/\\\/zeutelier.fr\\\/\",\"logo\":{\"@type\":\"ImageObject\",\"inLanguage\":\"fr-FR\",\"@id\":\"https:\\\/\\\/zeutelier.fr\\\/#\\\/schema\\\/logo\\\/image\\\/\",\"url\":\"https:\\\/\\\/zeutelier.fr\\\/wp-content\\\/uploads\\\/2023\\\/09\\\/logo2.jpg\",\"contentUrl\":\"https:\\\/\\\/zeutelier.fr\\\/wp-content\\\/uploads\\\/2023\\\/09\\\/logo2.jpg\",\"width\":800,\"height\":800,\"caption\":\"zeutelier\"},\"image\":{\"@id\":\"https:\\\/\\\/zeutelier.fr\\\/#\\\/schema\\\/logo\\\/image\\\/\"},\"sameAs\":[\"https:\\\/\\\/www.facebook.com\\\/zeutelier\\\/\",\"https:\\\/\\\/www.pinterest.fr\\\/zeutelier\\\/\"]}]}<\/script>\n<!-- \/ Yoast SEO plugin. -->","yoast_head_json":{"title":"Des liens - Zeutelier","robots":{"index":"index","follow":"follow","max-snippet":"max-snippet:-1","max-image-preview":"max-image-preview:large","max-video-preview":"max-video-preview:-1"},"canonical":"https:\/\/zeutelier.fr\/?page_id=96","og_locale":"fr_FR","og_type":"article","og_title":"Des liens - Zeutelier","og_description":"Quelques liens dans le d\u00e9sordre vers des comptes Youtube que je suis ou que j&rsquo;appr\u00e9cie. Et si vous \u00eates bricoleur, vous allez adorer ces pages [...]","og_url":"https:\/\/zeutelier.fr\/?page_id=96","og_site_name":"Zeutelier","article_publisher":"https:\/\/www.facebook.com\/zeutelier\/","article_modified_time":"2023-09-24T13:27:55+00:00","og_image":[{"url":"http:\/\/zeutelier.fr\/wp-content\/uploads\/2023\/09\/ILTMS-1024x169.jpg","type":"","width":"","height":""}],"twitter_card":"summary_large_image","twitter_misc":{"Dur\u00e9e de lecture estim\u00e9e":"2 minutes"},"schema":{"@context":"https:\/\/schema.org","@graph":[{"@type":"WebPage","@id":"https:\/\/zeutelier.fr\/?page_id=96","url":"https:\/\/zeutelier.fr\/?page_id=96","name":"Des liens - Zeutelier","isPartOf":{"@id":"https:\/\/zeutelier.fr\/#website"},"primaryImageOfPage":{"@id":"https:\/\/zeutelier.fr\/?page_id=96#primaryimage"},"image":{"@id":"https:\/\/zeutelier.fr\/?page_id=96#primaryimage"},"thumbnailUrl":"http:\/\/zeutelier.fr\/wp-content\/uploads\/2023\/09\/ILTMS-1024x169.jpg","datePublished":"2016-12-22T12:38:30+00:00","dateModified":"2023-09-24T13:27:55+00:00","breadcrumb":{"@id":"https:\/\/zeutelier.fr\/?page_id=96#breadcrumb"},"inLanguage":"fr-FR","potentialAction":[{"@type":"ReadAction","target":["https:\/\/zeutelier.fr\/?page_id=96"]}]},{"@type":"ImageObject","inLanguage":"fr-FR","@id":"https:\/\/zeutelier.fr\/?page_id=96#primaryimage","url":"http:\/\/zeutelier.fr\/wp-content\/uploads\/2023\/09\/ILTMS-1024x169.jpg","contentUrl":"http:\/\/zeutelier.fr\/wp-content\/uploads\/2023\/09\/ILTMS-1024x169.jpg"},{"@type":"BreadcrumbList","@id":"https:\/\/zeutelier.fr\/?page_id=96#breadcrumb","itemListElement":[{"@type":"ListItem","position":1,"name":"Accueil","item":"https:\/\/zeutelier.fr\/"},{"@type":"ListItem","position":2,"name":"Des liens"}]},{"@type":"WebSite","@id":"https:\/\/zeutelier.fr\/#website","url":"https:\/\/zeutelier.fr\/","name":"Zeutelier","description":"L&#039;art de fabriquer des trucs avec n&#039;importe quoi","publisher":{"@id":"https:\/\/zeutelier.fr\/#organization"},"alternateName":"Zeu'telier","potentialAction":[{"@type":"SearchAction","target":{"@type":"EntryPoint","urlTemplate":"https:\/\/zeutelier.fr\/?s={search_term_string}"},"query-input":{"@type":"PropertyValueSpecification","valueRequired":true,"valueName":"search_term_string"}}],"inLanguage":"fr-FR"},{"@type":"Organization","@id":"https:\/\/zeutelier.fr\/#organization","name":"zeutelier","url":"https:\/\/zeutelier.fr\/","logo":{"@type":"ImageObject","inLanguage":"fr-FR","@id":"https:\/\/zeutelier.fr\/#\/schema\/logo\/image\/","url":"https:\/\/zeutelier.fr\/wp-content\/uploads\/2023\/09\/logo2.jpg","contentUrl":"https:\/\/zeutelier.fr\/wp-content\/uploads\/2023\/09\/logo2.jpg","width":800,"height":800,"caption":"zeutelier"},"image":{"@id":"https:\/\/zeutelier.fr\/#\/schema\/logo\/image\/"},"sameAs":["https:\/\/www.facebook.com\/zeutelier\/","https:\/\/www.pinterest.fr\/zeutelier\/"]}]}},"_links":{"self":[{"href":"https:\/\/zeutelier.fr\/index.php?rest_route=\/wp\/v2\/pages\/96","targetHints":{"allow":["GET"]}}],"collection":[{"href":"https:\/\/zeutelier.fr\/index.php?rest_route=\/wp\/v2\/pages"}],"about":[{"href":"https:\/\/zeutelier.fr\/index.php?rest_route=\/wp\/v2\/types\/page"}],"author":[{"embeddable":true,"href":"https:\/\/zeutelier.fr\/index.php?rest_route=\/wp\/v2\/users\/1"}],"replies":[{"embeddable":true,"href":"https:\/\/zeutelier.fr\/index.php?rest_route=%2Fwp%2Fv2%2Fcomments&post=96"}],"version-history":[{"count":3,"href":"https:\/\/zeutelier.fr\/index.php?rest_route=\/wp\/v2\/pages\/96\/revisions"}],"predecessor-version":[{"id":6500,"href":"https:\/\/zeutelier.fr\/index.php?rest_route=\/wp\/v2\/pages\/96\/revisions\/6500"}],"wp:attachment":[{"href":"https:\/\/zeutelier.fr\/index.php?rest_route=%2Fwp%2Fv2%2Fmedia&parent=96"}],"curies":[{"name":"wp","href":"https:\/\/api.w.org\/{rel}","templated":true}]}}