{"id":864,"date":"2017-12-04T13:05:16","date_gmt":"2017-12-04T12:05:16","guid":{"rendered":"http:\/\/zeutelier.free.fr\/?page_id=864"},"modified":"2023-09-24T15:29:22","modified_gmt":"2023-09-24T13:29:22","slug":"ptit-coup-de-main","status":"publish","type":"page","link":"https:\/\/zeutelier.fr\/?page_id=864","title":{"rendered":"Un P&rsquo;tit coup de main ?"},"content":{"rendered":"\n<p>Vous avez la possibilit\u00e9 si vous le souhaitez de me filer un petit coup de main dans mes bricolages, cr\u00e9ations et modifications. Je rappelle que je suis un particulier et que je ne retire aucun b\u00e9n\u00e9fice de ce que je fabrique ou partage. Pour cela, \u00e0 d\u00e9faut de venir dans l&rsquo;atelier (ce qui serait avec grand plaisir !), vous pouvez me faire un petit (ou un gros) cadeau depuis la liste Amazon suivante (cliquer sur l&rsquo;image) :<\/p>\n\n\n\n<figure class=\"wp-block-image aligncenter size-full\"><a href=\"http:\/\/amzn.eu\/5UcZSOX\" target=\"_blank\" rel=\"noopener noreferrer\"><img loading=\"lazy\" decoding=\"async\" width=\"300\" height=\"150\" src=\"https:\/\/zeutelier.fr\/wp-content\/uploads\/2023\/09\/FRLogo_Blanc_750x375-300x150-1.png\" alt=\"\" class=\"wp-image-6501\"\/><\/a><\/figure>\n\n\n\n<p>J&rsquo;y ai mis pas mal de choses qui me seraient utiles pour de futurs projets ou qui m&rsquo;ouvriraient de nouvelles possibilit\u00e9s.<\/p>\n\n\n\n<p>J&rsquo;y ai mis aussi de quoi m&rsquo;hydrater, parce que c&rsquo;est important. Et comme \u00e7a vous pourrez toujours me payer une bi\u00e8re &#8230;<\/p>\n\n\n\n<p>En tout cas, que vous souhaitiez ou pas utiliser cette possibilit\u00e9, je vous dis MERCI. Merci de lire mes articles, de les aimer, de les commenter, de les partager &#8230; J&rsquo;ai cr\u00e9\u00e9 ce site dans le but de partager donc MERCI d&rsquo;\u00eatre l\u00e0 avant tout \ud83d\ude42 .<\/p>\n\n\n\n<figure class=\"wp-block-image aligncenter\"><a href=\"http:\/\/amzn.eu\/5UcZSOX\" target=\"_blank\" rel=\"noopener noreferrer\"><img decoding=\"async\" src=\"https:\/\/zeutelier.fr\/wp-content\/uploads\/2017\/12\/FRLogo_Blanc_750x375-300x150.png\" alt=\"\" class=\"wp-image-871\"\/><\/a><\/figure>\n","protected":false},"excerpt":{"rendered":"<p>Vous avez la possibilit\u00e9 si vous le souhaitez de me filer un petit coup de main dans mes bricolages, cr\u00e9ations et modifications. Je rappelle que [&#8230;]<\/p>\n","protected":false},"author":1,"featured_media":0,"parent":0,"menu_order":0,"comment_status":"open","ping_status":"open","template":"","meta":{"footnotes":""},"class_list":["post-864","page","type-page","status-publish","hentry"],"yoast_head":"<!-- This site is optimized with the Yoast SEO plugin v27.4 - https:\/\/yoast.com\/product\/yoast-seo-wordpress\/ -->\n<title>Une liste Amazon comme p&#039;tit coup de main - Zeutelier<\/title>\n<meta name=\"description\" content=\"Envie de me filer un petit coup de main ? Je vous ai pr\u00e9vu une liste Amazon d&#039;id\u00e9es cadeaux \u00e0 me faire. Juste pour \u00e7a MERCI\" \/>\n<meta name=\"robots\" content=\"index, follow, max-snippet:-1, max-image-preview:large, max-video-preview:-1\" \/>\n<link rel=\"canonical\" href=\"https:\/\/zeutelier.fr\/?page_id=864\" \/>\n<meta property=\"og:locale\" content=\"fr_FR\" \/>\n<meta property=\"og:type\" content=\"article\" \/>\n<meta property=\"og:title\" content=\"Une liste Amazon comme p&#039;tit coup de main - Zeutelier\" \/>\n<meta property=\"og:description\" content=\"Envie de me filer un petit coup de main ? Je vous ai pr\u00e9vu une liste Amazon d&#039;id\u00e9es cadeaux \u00e0 me faire. Juste pour \u00e7a MERCI\" \/>\n<meta property=\"og:url\" content=\"https:\/\/zeutelier.fr\/?page_id=864\" \/>\n<meta property=\"og:site_name\" content=\"Zeutelier\" \/>\n<meta property=\"article:publisher\" content=\"https:\/\/www.facebook.com\/zeutelier\/\" \/>\n<meta property=\"article:modified_time\" content=\"2023-09-24T13:29:22+00:00\" \/>\n<meta property=\"og:image\" content=\"http:\/\/zeutelier.fr\/wp-content\/uploads\/2023\/09\/FRLogo_Blanc_750x375-300x150-1.png\" \/>\n<meta name=\"twitter:card\" content=\"summary_large_image\" \/>\n<meta name=\"twitter:label1\" content=\"Dur\u00e9e de lecture estim\u00e9e\" \/>\n\t<meta name=\"twitter:data1\" content=\"2 minutes\" \/>\n<script type=\"application\/ld+json\" class=\"yoast-schema-graph\">{\"@context\":\"https:\\\/\\\/schema.org\",\"@graph\":[{\"@type\":\"WebPage\",\"@id\":\"https:\\\/\\\/zeutelier.fr\\\/?page_id=864\",\"url\":\"https:\\\/\\\/zeutelier.fr\\\/?page_id=864\",\"name\":\"Une liste Amazon comme p'tit coup de main - Zeutelier\",\"isPartOf\":{\"@id\":\"https:\\\/\\\/zeutelier.fr\\\/#website\"},\"primaryImageOfPage\":{\"@id\":\"https:\\\/\\\/zeutelier.fr\\\/?page_id=864#primaryimage\"},\"image\":{\"@id\":\"https:\\\/\\\/zeutelier.fr\\\/?page_id=864#primaryimage\"},\"thumbnailUrl\":\"http:\\\/\\\/zeutelier.fr\\\/wp-content\\\/uploads\\\/2023\\\/09\\\/FRLogo_Blanc_750x375-300x150-1.png\",\"datePublished\":\"2017-12-04T12:05:16+00:00\",\"dateModified\":\"2023-09-24T13:29:22+00:00\",\"description\":\"Envie de me filer un petit coup de main ? Je vous ai pr\u00e9vu une liste Amazon d'id\u00e9es cadeaux \u00e0 me faire. Juste pour \u00e7a MERCI\",\"breadcrumb\":{\"@id\":\"https:\\\/\\\/zeutelier.fr\\\/?page_id=864#breadcrumb\"},\"inLanguage\":\"fr-FR\",\"potentialAction\":[{\"@type\":\"ReadAction\",\"target\":[\"https:\\\/\\\/zeutelier.fr\\\/?page_id=864\"]}]},{\"@type\":\"ImageObject\",\"inLanguage\":\"fr-FR\",\"@id\":\"https:\\\/\\\/zeutelier.fr\\\/?page_id=864#primaryimage\",\"url\":\"http:\\\/\\\/zeutelier.fr\\\/wp-content\\\/uploads\\\/2023\\\/09\\\/FRLogo_Blanc_750x375-300x150-1.png\",\"contentUrl\":\"http:\\\/\\\/zeutelier.fr\\\/wp-content\\\/uploads\\\/2023\\\/09\\\/FRLogo_Blanc_750x375-300x150-1.png\"},{\"@type\":\"BreadcrumbList\",\"@id\":\"https:\\\/\\\/zeutelier.fr\\\/?page_id=864#breadcrumb\",\"itemListElement\":[{\"@type\":\"ListItem\",\"position\":1,\"name\":\"Accueil\",\"item\":\"https:\\\/\\\/zeutelier.fr\\\/\"},{\"@type\":\"ListItem\",\"position\":2,\"name\":\"Un P&rsquo;tit coup de main ?\"}]},{\"@type\":\"WebSite\",\"@id\":\"https:\\\/\\\/zeutelier.fr\\\/#website\",\"url\":\"https:\\\/\\\/zeutelier.fr\\\/\",\"name\":\"Zeutelier\",\"description\":\"L&#039;art de fabriquer des trucs avec n&#039;importe quoi\",\"publisher\":{\"@id\":\"https:\\\/\\\/zeutelier.fr\\\/#organization\"},\"alternateName\":\"Zeu'telier\",\"potentialAction\":[{\"@type\":\"SearchAction\",\"target\":{\"@type\":\"EntryPoint\",\"urlTemplate\":\"https:\\\/\\\/zeutelier.fr\\\/?s={search_term_string}\"},\"query-input\":{\"@type\":\"PropertyValueSpecification\",\"valueRequired\":true,\"valueName\":\"search_term_string\"}}],\"inLanguage\":\"fr-FR\"},{\"@type\":\"Organization\",\"@id\":\"https:\\\/\\\/zeutelier.fr\\\/#organization\",\"name\":\"zeutelier\",\"url\":\"https:\\\/\\\/zeutelier.fr\\\/\",\"logo\":{\"@type\":\"ImageObject\",\"inLanguage\":\"fr-FR\",\"@id\":\"https:\\\/\\\/zeutelier.fr\\\/#\\\/schema\\\/logo\\\/image\\\/\",\"url\":\"https:\\\/\\\/zeutelier.fr\\\/wp-content\\\/uploads\\\/2023\\\/09\\\/logo2.jpg\",\"contentUrl\":\"https:\\\/\\\/zeutelier.fr\\\/wp-content\\\/uploads\\\/2023\\\/09\\\/logo2.jpg\",\"width\":800,\"height\":800,\"caption\":\"zeutelier\"},\"image\":{\"@id\":\"https:\\\/\\\/zeutelier.fr\\\/#\\\/schema\\\/logo\\\/image\\\/\"},\"sameAs\":[\"https:\\\/\\\/www.facebook.com\\\/zeutelier\\\/\",\"https:\\\/\\\/www.pinterest.fr\\\/zeutelier\\\/\"]}]}<\/script>\n<!-- \/ Yoast SEO plugin. -->","yoast_head_json":{"title":"Une liste Amazon comme p'tit coup de main - Zeutelier","description":"Envie de me filer un petit coup de main ? Je vous ai pr\u00e9vu une liste Amazon d'id\u00e9es cadeaux \u00e0 me faire. Juste pour \u00e7a MERCI","robots":{"index":"index","follow":"follow","max-snippet":"max-snippet:-1","max-image-preview":"max-image-preview:large","max-video-preview":"max-video-preview:-1"},"canonical":"https:\/\/zeutelier.fr\/?page_id=864","og_locale":"fr_FR","og_type":"article","og_title":"Une liste Amazon comme p'tit coup de main - Zeutelier","og_description":"Envie de me filer un petit coup de main ? Je vous ai pr\u00e9vu une liste Amazon d'id\u00e9es cadeaux \u00e0 me faire. Juste pour \u00e7a MERCI","og_url":"https:\/\/zeutelier.fr\/?page_id=864","og_site_name":"Zeutelier","article_publisher":"https:\/\/www.facebook.com\/zeutelier\/","article_modified_time":"2023-09-24T13:29:22+00:00","og_image":[{"url":"http:\/\/zeutelier.fr\/wp-content\/uploads\/2023\/09\/FRLogo_Blanc_750x375-300x150-1.png","type":"","width":"","height":""}],"twitter_card":"summary_large_image","twitter_misc":{"Dur\u00e9e de lecture estim\u00e9e":"2 minutes"},"schema":{"@context":"https:\/\/schema.org","@graph":[{"@type":"WebPage","@id":"https:\/\/zeutelier.fr\/?page_id=864","url":"https:\/\/zeutelier.fr\/?page_id=864","name":"Une liste Amazon comme p'tit coup de main - Zeutelier","isPartOf":{"@id":"https:\/\/zeutelier.fr\/#website"},"primaryImageOfPage":{"@id":"https:\/\/zeutelier.fr\/?page_id=864#primaryimage"},"image":{"@id":"https:\/\/zeutelier.fr\/?page_id=864#primaryimage"},"thumbnailUrl":"http:\/\/zeutelier.fr\/wp-content\/uploads\/2023\/09\/FRLogo_Blanc_750x375-300x150-1.png","datePublished":"2017-12-04T12:05:16+00:00","dateModified":"2023-09-24T13:29:22+00:00","description":"Envie de me filer un petit coup de main ? Je vous ai pr\u00e9vu une liste Amazon d'id\u00e9es cadeaux \u00e0 me faire. Juste pour \u00e7a MERCI","breadcrumb":{"@id":"https:\/\/zeutelier.fr\/?page_id=864#breadcrumb"},"inLanguage":"fr-FR","potentialAction":[{"@type":"ReadAction","target":["https:\/\/zeutelier.fr\/?page_id=864"]}]},{"@type":"ImageObject","inLanguage":"fr-FR","@id":"https:\/\/zeutelier.fr\/?page_id=864#primaryimage","url":"http:\/\/zeutelier.fr\/wp-content\/uploads\/2023\/09\/FRLogo_Blanc_750x375-300x150-1.png","contentUrl":"http:\/\/zeutelier.fr\/wp-content\/uploads\/2023\/09\/FRLogo_Blanc_750x375-300x150-1.png"},{"@type":"BreadcrumbList","@id":"https:\/\/zeutelier.fr\/?page_id=864#breadcrumb","itemListElement":[{"@type":"ListItem","position":1,"name":"Accueil","item":"https:\/\/zeutelier.fr\/"},{"@type":"ListItem","position":2,"name":"Un P&rsquo;tit coup de main ?"}]},{"@type":"WebSite","@id":"https:\/\/zeutelier.fr\/#website","url":"https:\/\/zeutelier.fr\/","name":"Zeutelier","description":"L&#039;art de fabriquer des trucs avec n&#039;importe quoi","publisher":{"@id":"https:\/\/zeutelier.fr\/#organization"},"alternateName":"Zeu'telier","potentialAction":[{"@type":"SearchAction","target":{"@type":"EntryPoint","urlTemplate":"https:\/\/zeutelier.fr\/?s={search_term_string}"},"query-input":{"@type":"PropertyValueSpecification","valueRequired":true,"valueName":"search_term_string"}}],"inLanguage":"fr-FR"},{"@type":"Organization","@id":"https:\/\/zeutelier.fr\/#organization","name":"zeutelier","url":"https:\/\/zeutelier.fr\/","logo":{"@type":"ImageObject","inLanguage":"fr-FR","@id":"https:\/\/zeutelier.fr\/#\/schema\/logo\/image\/","url":"https:\/\/zeutelier.fr\/wp-content\/uploads\/2023\/09\/logo2.jpg","contentUrl":"https:\/\/zeutelier.fr\/wp-content\/uploads\/2023\/09\/logo2.jpg","width":800,"height":800,"caption":"zeutelier"},"image":{"@id":"https:\/\/zeutelier.fr\/#\/schema\/logo\/image\/"},"sameAs":["https:\/\/www.facebook.com\/zeutelier\/","https:\/\/www.pinterest.fr\/zeutelier\/"]}]}},"_links":{"self":[{"href":"https:\/\/zeutelier.fr\/index.php?rest_route=\/wp\/v2\/pages\/864","targetHints":{"allow":["GET"]}}],"collection":[{"href":"https:\/\/zeutelier.fr\/index.php?rest_route=\/wp\/v2\/pages"}],"about":[{"href":"https:\/\/zeutelier.fr\/index.php?rest_route=\/wp\/v2\/types\/page"}],"author":[{"embeddable":true,"href":"https:\/\/zeutelier.fr\/index.php?rest_route=\/wp\/v2\/users\/1"}],"replies":[{"embeddable":true,"href":"https:\/\/zeutelier.fr\/index.php?rest_route=%2Fwp%2Fv2%2Fcomments&post=864"}],"version-history":[{"count":1,"href":"https:\/\/zeutelier.fr\/index.php?rest_route=\/wp\/v2\/pages\/864\/revisions"}],"predecessor-version":[{"id":6503,"href":"https:\/\/zeutelier.fr\/index.php?rest_route=\/wp\/v2\/pages\/864\/revisions\/6503"}],"wp:attachment":[{"href":"https:\/\/zeutelier.fr\/index.php?rest_route=%2Fwp%2Fv2%2Fmedia&parent=864"}],"curies":[{"name":"wp","href":"https:\/\/api.w.org\/{rel}","templated":true}]}}