{"id":6571,"date":"2024-01-12T15:04:15","date_gmt":"2024-01-12T14:04:15","guid":{"rendered":"https:\/\/zeutelier.fr\/?page_id=6571"},"modified":"2024-01-12T15:04:18","modified_gmt":"2024-01-12T14:04:18","slug":"affiliation","status":"publish","type":"page","link":"https:\/\/zeutelier.fr\/?page_id=6571","title":{"rendered":"Affiliation ?"},"content":{"rendered":"\n<p>Une partie des liens de ce site, et notamment ceux du bloc \u00ab\u00a0Outillage utilis\u00e9\u00a0\u00bb en bas des articles contient des \u00e9l\u00e9ments d&rsquo;affiliation. Ces liens d&rsquo;affiliation me permettent de ramener un peu  d&rsquo;argent pour couvrir (un peu) mes d\u00e9penses li\u00e9es au site.<\/p>\n\n\n\n<p>Le principe de l&rsquo;affiliation est simple : <\/p>\n\n\n\n<ul class=\"wp-block-list\">\n<li>J&rsquo;envoie des visiteurs vers un site commercial externe via un lien d&rsquo;affiliation<\/li>\n\n\n\n<li><strong>SI<\/strong> ces visiteurs ach\u00e8tent quelque chose, le site commercial me reverse un petit quelque chose pour me remercier. Cela ne coute <strong>rien de plus<\/strong> \u00e0 celui qui ach\u00e8te, les prix sont exactement les m\u00eames. Mais pour moi \u00e7a peut tout changer. Sachant que le site commercial ne garde pas <em>ad vitam eternam<\/em> la liaison avec Zeu&rsquo;telier. Au bout de quelques jours, cette liaison est remise \u00e0 z\u00e9ro. <\/li>\n<\/ul>\n\n\n\n<p>J&rsquo;ai choisi de travailler avec la soci\u00e9t\u00e9 <a href=\"https:\/\/www.awin.com\/fr\">AWIN<\/a>, qui est l&rsquo;un des r\u00e9f\u00e9rent du secteur. Parmi les annonceurs affili\u00e9s chez AWIN, j&rsquo;ai choisi de me rapprocher de <a href=\"https:\/\/tidd.ly\/3TTjfxK\">MANOMANO<\/a>, qui est le leader europ\u00e9en du commerce en ligne pour le bricolage (entre autres). Je m&rsquo;approvisionnais r\u00e9guli\u00e8rement chez eux avant de commencer ce principe d&rsquo;affiliation (c&rsquo;est d&rsquo;ailleurs ce qui m&rsquo;a pouss\u00e9 \u00e0 me rapprocher d&rsquo;eux).<\/p>\n\n\n\n<p>L&rsquo;objectif est de couvrir quelques d\u00e9penses en mat\u00e9riaux et outillages, sans imposer \u00e0 mes visiteurs des pubs, Pop-up et autres banni\u00e8res.  Donc si jamais vous souhaiteriez me filer un petit coup de main <strong>sans que cela ne vous coute rien<\/strong>, vous pouvez cliquer sur l&rsquo;image ci-dessous et vous faire un petit cadeau chez mon partenaire <a href=\"https:\/\/tidd.ly\/3TTjfxK\">MANOMANO<\/a>.<\/p>\n\n\n\n<p><strong>Merci beaucoup et bonne visite \ud83d\ude42<\/strong><\/p>\n\n\n\n<p><\/p>\n\n\n\n<figure class=\"wp-block-image size-full\"><a href=\"https:\/\/tidd.ly\/3TTjfxK\"><img loading=\"lazy\" decoding=\"async\" width=\"854\" height=\"187\" src=\"https:\/\/zeutelier.fr\/wp-content\/uploads\/2024\/01\/logoManoMano-RGB-hor-color-positif-ptit.png\" alt=\"\" class=\"wp-image-6748\" srcset=\"https:\/\/zeutelier.fr\/wp-content\/uploads\/2024\/01\/logoManoMano-RGB-hor-color-positif-ptit.png 854w, https:\/\/zeutelier.fr\/wp-content\/uploads\/2024\/01\/logoManoMano-RGB-hor-color-positif-ptit-300x66.png 300w, https:\/\/zeutelier.fr\/wp-content\/uploads\/2024\/01\/logoManoMano-RGB-hor-color-positif-ptit-768x168.png 768w\" sizes=\"auto, (max-width: 854px) 100vw, 854px\" \/><\/a><\/figure>\n","protected":false},"excerpt":{"rendered":"<p>Une partie des liens de ce site, et notamment ceux du bloc \u00ab\u00a0Outillage utilis\u00e9\u00a0\u00bb en bas des articles contient des \u00e9l\u00e9ments d&rsquo;affiliation. Ces liens d&rsquo;affiliation [&#8230;]<\/p>\n","protected":false},"author":1,"featured_media":6749,"parent":0,"menu_order":0,"comment_status":"closed","ping_status":"closed","template":"","meta":{"footnotes":""},"class_list":["post-6571","page","type-page","status-publish","has-post-thumbnail","hentry"],"yoast_head":"<!-- This site is optimized with the Yoast SEO plugin v27.4 - https:\/\/yoast.com\/product\/yoast-seo-wordpress\/ -->\n<title>Affiliation ? - Zeutelier<\/title>\n<meta name=\"description\" content=\"Zeutelier est associ\u00e9 \u00e0 Manomano via leur principe d&#039;affiliation. cela permet de rentabiliser un peu mon travail, sans que cela ne co\u00fbte rien \u00e0 mes visiteur\" \/>\n<meta name=\"robots\" content=\"index, follow, max-snippet:-1, max-image-preview:large, max-video-preview:-1\" \/>\n<link rel=\"canonical\" href=\"https:\/\/zeutelier.fr\/?page_id=6571\" \/>\n<meta property=\"og:locale\" content=\"fr_FR\" \/>\n<meta property=\"og:type\" content=\"article\" \/>\n<meta property=\"og:title\" content=\"Affiliation ? - Zeutelier\" \/>\n<meta property=\"og:description\" content=\"Zeutelier est associ\u00e9 \u00e0 Manomano via leur principe d&#039;affiliation. cela permet de rentabiliser un peu mon travail, sans que cela ne co\u00fbte rien \u00e0 mes visiteur\" \/>\n<meta property=\"og:url\" content=\"https:\/\/zeutelier.fr\/?page_id=6571\" \/>\n<meta property=\"og:site_name\" content=\"Zeutelier\" \/>\n<meta property=\"article:publisher\" content=\"https:\/\/www.facebook.com\/zeutelier\/\" \/>\n<meta property=\"article:modified_time\" content=\"2024-01-12T14:04:18+00:00\" \/>\n<meta property=\"og:image\" content=\"https:\/\/zeutelier.fr\/wp-content\/uploads\/2024\/01\/logo-manomano.jpg\" \/>\n\t<meta property=\"og:image:width\" content=\"225\" \/>\n\t<meta property=\"og:image:height\" content=\"225\" \/>\n\t<meta property=\"og:image:type\" content=\"image\/jpeg\" \/>\n<meta name=\"twitter:card\" content=\"summary_large_image\" \/>\n<meta name=\"twitter:label1\" content=\"Dur\u00e9e de lecture estim\u00e9e\" \/>\n\t<meta name=\"twitter:data1\" content=\"2 minutes\" \/>\n<script type=\"application\/ld+json\" class=\"yoast-schema-graph\">{\"@context\":\"https:\\\/\\\/schema.org\",\"@graph\":[{\"@type\":\"WebPage\",\"@id\":\"https:\\\/\\\/zeutelier.fr\\\/?page_id=6571\",\"url\":\"https:\\\/\\\/zeutelier.fr\\\/?page_id=6571\",\"name\":\"Affiliation ? - Zeutelier\",\"isPartOf\":{\"@id\":\"https:\\\/\\\/zeutelier.fr\\\/#website\"},\"primaryImageOfPage\":{\"@id\":\"https:\\\/\\\/zeutelier.fr\\\/?page_id=6571#primaryimage\"},\"image\":{\"@id\":\"https:\\\/\\\/zeutelier.fr\\\/?page_id=6571#primaryimage\"},\"thumbnailUrl\":\"https:\\\/\\\/zeutelier.fr\\\/wp-content\\\/uploads\\\/2024\\\/01\\\/logo-manomano.jpg\",\"datePublished\":\"2024-01-12T14:04:15+00:00\",\"dateModified\":\"2024-01-12T14:04:18+00:00\",\"description\":\"Zeutelier est associ\u00e9 \u00e0 Manomano via leur principe d'affiliation. cela permet de rentabiliser un peu mon travail, sans que cela ne co\u00fbte rien \u00e0 mes visiteur\",\"breadcrumb\":{\"@id\":\"https:\\\/\\\/zeutelier.fr\\\/?page_id=6571#breadcrumb\"},\"inLanguage\":\"fr-FR\",\"potentialAction\":[{\"@type\":\"ReadAction\",\"target\":[\"https:\\\/\\\/zeutelier.fr\\\/?page_id=6571\"]}]},{\"@type\":\"ImageObject\",\"inLanguage\":\"fr-FR\",\"@id\":\"https:\\\/\\\/zeutelier.fr\\\/?page_id=6571#primaryimage\",\"url\":\"https:\\\/\\\/zeutelier.fr\\\/wp-content\\\/uploads\\\/2024\\\/01\\\/logo-manomano.jpg\",\"contentUrl\":\"https:\\\/\\\/zeutelier.fr\\\/wp-content\\\/uploads\\\/2024\\\/01\\\/logo-manomano.jpg\",\"width\":225,\"height\":225},{\"@type\":\"BreadcrumbList\",\"@id\":\"https:\\\/\\\/zeutelier.fr\\\/?page_id=6571#breadcrumb\",\"itemListElement\":[{\"@type\":\"ListItem\",\"position\":1,\"name\":\"Accueil\",\"item\":\"https:\\\/\\\/zeutelier.fr\\\/\"},{\"@type\":\"ListItem\",\"position\":2,\"name\":\"Affiliation ?\"}]},{\"@type\":\"WebSite\",\"@id\":\"https:\\\/\\\/zeutelier.fr\\\/#website\",\"url\":\"https:\\\/\\\/zeutelier.fr\\\/\",\"name\":\"Zeutelier\",\"description\":\"L&#039;art de fabriquer des trucs avec n&#039;importe quoi\",\"publisher\":{\"@id\":\"https:\\\/\\\/zeutelier.fr\\\/#organization\"},\"alternateName\":\"Zeu'telier\",\"potentialAction\":[{\"@type\":\"SearchAction\",\"target\":{\"@type\":\"EntryPoint\",\"urlTemplate\":\"https:\\\/\\\/zeutelier.fr\\\/?s={search_term_string}\"},\"query-input\":{\"@type\":\"PropertyValueSpecification\",\"valueRequired\":true,\"valueName\":\"search_term_string\"}}],\"inLanguage\":\"fr-FR\"},{\"@type\":\"Organization\",\"@id\":\"https:\\\/\\\/zeutelier.fr\\\/#organization\",\"name\":\"zeutelier\",\"url\":\"https:\\\/\\\/zeutelier.fr\\\/\",\"logo\":{\"@type\":\"ImageObject\",\"inLanguage\":\"fr-FR\",\"@id\":\"https:\\\/\\\/zeutelier.fr\\\/#\\\/schema\\\/logo\\\/image\\\/\",\"url\":\"https:\\\/\\\/zeutelier.fr\\\/wp-content\\\/uploads\\\/2023\\\/09\\\/logo2.jpg\",\"contentUrl\":\"https:\\\/\\\/zeutelier.fr\\\/wp-content\\\/uploads\\\/2023\\\/09\\\/logo2.jpg\",\"width\":800,\"height\":800,\"caption\":\"zeutelier\"},\"image\":{\"@id\":\"https:\\\/\\\/zeutelier.fr\\\/#\\\/schema\\\/logo\\\/image\\\/\"},\"sameAs\":[\"https:\\\/\\\/www.facebook.com\\\/zeutelier\\\/\",\"https:\\\/\\\/www.pinterest.fr\\\/zeutelier\\\/\"]}]}<\/script>\n<!-- \/ Yoast SEO plugin. -->","yoast_head_json":{"title":"Affiliation ? - Zeutelier","description":"Zeutelier est associ\u00e9 \u00e0 Manomano via leur principe d'affiliation. cela permet de rentabiliser un peu mon travail, sans que cela ne co\u00fbte rien \u00e0 mes visiteur","robots":{"index":"index","follow":"follow","max-snippet":"max-snippet:-1","max-image-preview":"max-image-preview:large","max-video-preview":"max-video-preview:-1"},"canonical":"https:\/\/zeutelier.fr\/?page_id=6571","og_locale":"fr_FR","og_type":"article","og_title":"Affiliation ? - Zeutelier","og_description":"Zeutelier est associ\u00e9 \u00e0 Manomano via leur principe d'affiliation. cela permet de rentabiliser un peu mon travail, sans que cela ne co\u00fbte rien \u00e0 mes visiteur","og_url":"https:\/\/zeutelier.fr\/?page_id=6571","og_site_name":"Zeutelier","article_publisher":"https:\/\/www.facebook.com\/zeutelier\/","article_modified_time":"2024-01-12T14:04:18+00:00","og_image":[{"width":225,"height":225,"url":"https:\/\/zeutelier.fr\/wp-content\/uploads\/2024\/01\/logo-manomano.jpg","type":"image\/jpeg"}],"twitter_card":"summary_large_image","twitter_misc":{"Dur\u00e9e de lecture estim\u00e9e":"2 minutes"},"schema":{"@context":"https:\/\/schema.org","@graph":[{"@type":"WebPage","@id":"https:\/\/zeutelier.fr\/?page_id=6571","url":"https:\/\/zeutelier.fr\/?page_id=6571","name":"Affiliation ? - Zeutelier","isPartOf":{"@id":"https:\/\/zeutelier.fr\/#website"},"primaryImageOfPage":{"@id":"https:\/\/zeutelier.fr\/?page_id=6571#primaryimage"},"image":{"@id":"https:\/\/zeutelier.fr\/?page_id=6571#primaryimage"},"thumbnailUrl":"https:\/\/zeutelier.fr\/wp-content\/uploads\/2024\/01\/logo-manomano.jpg","datePublished":"2024-01-12T14:04:15+00:00","dateModified":"2024-01-12T14:04:18+00:00","description":"Zeutelier est associ\u00e9 \u00e0 Manomano via leur principe d'affiliation. cela permet de rentabiliser un peu mon travail, sans que cela ne co\u00fbte rien \u00e0 mes visiteur","breadcrumb":{"@id":"https:\/\/zeutelier.fr\/?page_id=6571#breadcrumb"},"inLanguage":"fr-FR","potentialAction":[{"@type":"ReadAction","target":["https:\/\/zeutelier.fr\/?page_id=6571"]}]},{"@type":"ImageObject","inLanguage":"fr-FR","@id":"https:\/\/zeutelier.fr\/?page_id=6571#primaryimage","url":"https:\/\/zeutelier.fr\/wp-content\/uploads\/2024\/01\/logo-manomano.jpg","contentUrl":"https:\/\/zeutelier.fr\/wp-content\/uploads\/2024\/01\/logo-manomano.jpg","width":225,"height":225},{"@type":"BreadcrumbList","@id":"https:\/\/zeutelier.fr\/?page_id=6571#breadcrumb","itemListElement":[{"@type":"ListItem","position":1,"name":"Accueil","item":"https:\/\/zeutelier.fr\/"},{"@type":"ListItem","position":2,"name":"Affiliation ?"}]},{"@type":"WebSite","@id":"https:\/\/zeutelier.fr\/#website","url":"https:\/\/zeutelier.fr\/","name":"Zeutelier","description":"L&#039;art de fabriquer des trucs avec n&#039;importe quoi","publisher":{"@id":"https:\/\/zeutelier.fr\/#organization"},"alternateName":"Zeu'telier","potentialAction":[{"@type":"SearchAction","target":{"@type":"EntryPoint","urlTemplate":"https:\/\/zeutelier.fr\/?s={search_term_string}"},"query-input":{"@type":"PropertyValueSpecification","valueRequired":true,"valueName":"search_term_string"}}],"inLanguage":"fr-FR"},{"@type":"Organization","@id":"https:\/\/zeutelier.fr\/#organization","name":"zeutelier","url":"https:\/\/zeutelier.fr\/","logo":{"@type":"ImageObject","inLanguage":"fr-FR","@id":"https:\/\/zeutelier.fr\/#\/schema\/logo\/image\/","url":"https:\/\/zeutelier.fr\/wp-content\/uploads\/2023\/09\/logo2.jpg","contentUrl":"https:\/\/zeutelier.fr\/wp-content\/uploads\/2023\/09\/logo2.jpg","width":800,"height":800,"caption":"zeutelier"},"image":{"@id":"https:\/\/zeutelier.fr\/#\/schema\/logo\/image\/"},"sameAs":["https:\/\/www.facebook.com\/zeutelier\/","https:\/\/www.pinterest.fr\/zeutelier\/"]}]}},"_links":{"self":[{"href":"https:\/\/zeutelier.fr\/index.php?rest_route=\/wp\/v2\/pages\/6571","targetHints":{"allow":["GET"]}}],"collection":[{"href":"https:\/\/zeutelier.fr\/index.php?rest_route=\/wp\/v2\/pages"}],"about":[{"href":"https:\/\/zeutelier.fr\/index.php?rest_route=\/wp\/v2\/types\/page"}],"author":[{"embeddable":true,"href":"https:\/\/zeutelier.fr\/index.php?rest_route=\/wp\/v2\/users\/1"}],"replies":[{"embeddable":true,"href":"https:\/\/zeutelier.fr\/index.php?rest_route=%2Fwp%2Fv2%2Fcomments&post=6571"}],"version-history":[{"count":8,"href":"https:\/\/zeutelier.fr\/index.php?rest_route=\/wp\/v2\/pages\/6571\/revisions"}],"predecessor-version":[{"id":6751,"href":"https:\/\/zeutelier.fr\/index.php?rest_route=\/wp\/v2\/pages\/6571\/revisions\/6751"}],"wp:featuredmedia":[{"embeddable":true,"href":"https:\/\/zeutelier.fr\/index.php?rest_route=\/wp\/v2\/media\/6749"}],"wp:attachment":[{"href":"https:\/\/zeutelier.fr\/index.php?rest_route=%2Fwp%2Fv2%2Fmedia&parent=6571"}],"curies":[{"name":"wp","href":"https:\/\/api.w.org\/{rel}","templated":true}]}}