{"id":52,"date":"2016-12-21T13:48:36","date_gmt":"2016-12-21T12:48:36","guid":{"rendered":"http:\/\/zeutelier.free.fr\/?page_id=52"},"modified":"2023-09-24T15:21:46","modified_gmt":"2023-09-24T13:21:46","slug":"qui-suis-je","status":"publish","type":"page","link":"https:\/\/zeutelier.fr\/?page_id=52","title":{"rendered":"Qui suis-je ????"},"content":{"rendered":"\n<p>Bonjour,<\/p>\n\n\n\n<p>Moi c&rsquo;est Benjamin, alias Ben, Benj &#8230; pour les initi\u00e9s. Enchant\u00e9, et bienvenue.<\/p>\n\n\n\n<p>Je suis un amateur, bricoleur, touche-\u00e0-tout, passionn\u00e9 par plein de choses et en particulier par tout ce qui ce qui peut se d\u00e9monter, se fabriquer ou se modifier. Parmi tout \u00e7a, je travaille beaucoup de bois, fabrique pas mal de choses en fonction de mes besoins, des envies ou des demandes qu&rsquo;on me fait.<\/p>\n\n\n\n<p>J&rsquo;ai donc cr\u00e9\u00e9 ce site afin de partager sur tout \u00e7a, en esp\u00e9rant que cela puisse donner des id\u00e9es, des envies \u00e0 ceux qui liraient mes articles. J&rsquo;ai en effet d\u00e9couvert \u00e9norm\u00e9ment de choses en ligne, appris beaucoup de choses en d\u00e9couvrant le travail d&rsquo;autres (<a href=\"http:\/\/zeutelier.local\/des-liens\/\" target=\"_blank\" rel=\"noopener\">Par exemple<\/a>) et je souhaite \u00e0 mon tour partager sur ce m\u00eame principe. (Et aussi parce j&rsquo;aime \u00e9crire et partager de mani\u00e8re g\u00e9n\u00e9rale).<\/p>\n\n\n\n<p>Donc encore une fois, bienvenue, faites le tour, faites comme chez vous, installez vous et mettez vous \u00e0 l&rsquo;aise.<\/p>\n\n\n\n<figure class=\"wp-block-image aligncenter size-full\"><img loading=\"lazy\" decoding=\"async\" width=\"768\" height=\"901\" src=\"https:\/\/zeutelier.fr\/wp-content\/uploads\/2016\/12\/Benjamin-Copie.jpg\" alt=\"\" class=\"wp-image-5568\" srcset=\"https:\/\/zeutelier.fr\/wp-content\/uploads\/2016\/12\/Benjamin-Copie.jpg 768w, https:\/\/zeutelier.fr\/wp-content\/uploads\/2016\/12\/Benjamin-Copie-256x300.jpg 256w\" sizes=\"auto, (max-width: 768px) 100vw, 768px\" \/><figcaption class=\"wp-element-caption\">S\u00e9ance studio<\/figcaption><\/figure>\n\n\n\n<p><\/p>\n","protected":false},"excerpt":{"rendered":"<p>Bonjour, Moi c&rsquo;est Benjamin, alias Ben, Benj &#8230; pour les initi\u00e9s. Enchant\u00e9, et bienvenue. Je suis un amateur, bricoleur, touche-\u00e0-tout, passionn\u00e9 par plein de choses [&#8230;]<\/p>\n","protected":false},"author":1,"featured_media":0,"parent":0,"menu_order":0,"comment_status":"closed","ping_status":"closed","template":"","meta":{"footnotes":""},"class_list":["post-52","page","type-page","status-publish","hentry"],"yoast_head":"<!-- This site is optimized with the Yoast SEO plugin v27.4 - https:\/\/yoast.com\/product\/yoast-seo-wordpress\/ -->\n<title>Bienvenue, Mais au fait, qui suis-je ?<\/title>\n<meta name=\"description\" content=\"Bienvenue, Je suis un amateur, bricoleur, touche-\u00e0-tout, et surtout par tout ce qui ce qui peut se d\u00e9monter, se fabriquer ou se modifier.\" \/>\n<meta name=\"robots\" content=\"index, follow, max-snippet:-1, max-image-preview:large, max-video-preview:-1\" \/>\n<link rel=\"canonical\" href=\"https:\/\/zeutelier.fr\/?page_id=52\" \/>\n<meta property=\"og:locale\" content=\"fr_FR\" \/>\n<meta property=\"og:type\" content=\"article\" \/>\n<meta property=\"og:title\" content=\"Bienvenue, Mais au fait, qui suis-je ?\" \/>\n<meta property=\"og:description\" content=\"Bienvenue, Je suis un amateur, bricoleur, touche-\u00e0-tout, et surtout par tout ce qui ce qui peut se d\u00e9monter, se fabriquer ou se modifier.\" \/>\n<meta property=\"og:url\" content=\"https:\/\/zeutelier.fr\/?page_id=52\" \/>\n<meta property=\"og:site_name\" content=\"Zeutelier\" \/>\n<meta property=\"article:publisher\" content=\"https:\/\/www.facebook.com\/zeutelier\/\" \/>\n<meta property=\"article:modified_time\" content=\"2023-09-24T13:21:46+00:00\" \/>\n<meta property=\"og:image\" content=\"http:\/\/zeutelier.fr\/wp-content\/uploads\/2016\/12\/Benjamin-Copie.jpg\" \/>\n<meta name=\"twitter:card\" content=\"summary_large_image\" \/>\n<meta name=\"twitter:label1\" content=\"Dur\u00e9e de lecture estim\u00e9e\" \/>\n\t<meta name=\"twitter:data1\" content=\"1 minute\" \/>\n<script type=\"application\/ld+json\" class=\"yoast-schema-graph\">{\"@context\":\"https:\\\/\\\/schema.org\",\"@graph\":[{\"@type\":\"WebPage\",\"@id\":\"https:\\\/\\\/zeutelier.fr\\\/?page_id=52\",\"url\":\"https:\\\/\\\/zeutelier.fr\\\/?page_id=52\",\"name\":\"Bienvenue, Mais au fait, qui suis-je ?\",\"isPartOf\":{\"@id\":\"https:\\\/\\\/zeutelier.fr\\\/#website\"},\"primaryImageOfPage\":{\"@id\":\"https:\\\/\\\/zeutelier.fr\\\/?page_id=52#primaryimage\"},\"image\":{\"@id\":\"https:\\\/\\\/zeutelier.fr\\\/?page_id=52#primaryimage\"},\"thumbnailUrl\":\"http:\\\/\\\/zeutelier.fr\\\/wp-content\\\/uploads\\\/2016\\\/12\\\/Benjamin-Copie.jpg\",\"datePublished\":\"2016-12-21T12:48:36+00:00\",\"dateModified\":\"2023-09-24T13:21:46+00:00\",\"description\":\"Bienvenue, Je suis un amateur, bricoleur, touche-\u00e0-tout, et surtout par tout ce qui ce qui peut se d\u00e9monter, se fabriquer ou se modifier.\",\"breadcrumb\":{\"@id\":\"https:\\\/\\\/zeutelier.fr\\\/?page_id=52#breadcrumb\"},\"inLanguage\":\"fr-FR\",\"potentialAction\":[{\"@type\":\"ReadAction\",\"target\":[\"https:\\\/\\\/zeutelier.fr\\\/?page_id=52\"]}]},{\"@type\":\"ImageObject\",\"inLanguage\":\"fr-FR\",\"@id\":\"https:\\\/\\\/zeutelier.fr\\\/?page_id=52#primaryimage\",\"url\":\"http:\\\/\\\/zeutelier.fr\\\/wp-content\\\/uploads\\\/2016\\\/12\\\/Benjamin-Copie.jpg\",\"contentUrl\":\"http:\\\/\\\/zeutelier.fr\\\/wp-content\\\/uploads\\\/2016\\\/12\\\/Benjamin-Copie.jpg\"},{\"@type\":\"BreadcrumbList\",\"@id\":\"https:\\\/\\\/zeutelier.fr\\\/?page_id=52#breadcrumb\",\"itemListElement\":[{\"@type\":\"ListItem\",\"position\":1,\"name\":\"Accueil\",\"item\":\"https:\\\/\\\/zeutelier.fr\\\/\"},{\"@type\":\"ListItem\",\"position\":2,\"name\":\"Qui suis-je ????\"}]},{\"@type\":\"WebSite\",\"@id\":\"https:\\\/\\\/zeutelier.fr\\\/#website\",\"url\":\"https:\\\/\\\/zeutelier.fr\\\/\",\"name\":\"Zeutelier\",\"description\":\"L&#039;art de fabriquer des trucs avec n&#039;importe quoi\",\"publisher\":{\"@id\":\"https:\\\/\\\/zeutelier.fr\\\/#organization\"},\"alternateName\":\"Zeu'telier\",\"potentialAction\":[{\"@type\":\"SearchAction\",\"target\":{\"@type\":\"EntryPoint\",\"urlTemplate\":\"https:\\\/\\\/zeutelier.fr\\\/?s={search_term_string}\"},\"query-input\":{\"@type\":\"PropertyValueSpecification\",\"valueRequired\":true,\"valueName\":\"search_term_string\"}}],\"inLanguage\":\"fr-FR\"},{\"@type\":\"Organization\",\"@id\":\"https:\\\/\\\/zeutelier.fr\\\/#organization\",\"name\":\"zeutelier\",\"url\":\"https:\\\/\\\/zeutelier.fr\\\/\",\"logo\":{\"@type\":\"ImageObject\",\"inLanguage\":\"fr-FR\",\"@id\":\"https:\\\/\\\/zeutelier.fr\\\/#\\\/schema\\\/logo\\\/image\\\/\",\"url\":\"https:\\\/\\\/zeutelier.fr\\\/wp-content\\\/uploads\\\/2023\\\/09\\\/logo2.jpg\",\"contentUrl\":\"https:\\\/\\\/zeutelier.fr\\\/wp-content\\\/uploads\\\/2023\\\/09\\\/logo2.jpg\",\"width\":800,\"height\":800,\"caption\":\"zeutelier\"},\"image\":{\"@id\":\"https:\\\/\\\/zeutelier.fr\\\/#\\\/schema\\\/logo\\\/image\\\/\"},\"sameAs\":[\"https:\\\/\\\/www.facebook.com\\\/zeutelier\\\/\",\"https:\\\/\\\/www.pinterest.fr\\\/zeutelier\\\/\"]}]}<\/script>\n<!-- \/ Yoast SEO plugin. -->","yoast_head_json":{"title":"Bienvenue, Mais au fait, qui suis-je ?","description":"Bienvenue, Je suis un amateur, bricoleur, touche-\u00e0-tout, et surtout par tout ce qui ce qui peut se d\u00e9monter, se fabriquer ou se modifier.","robots":{"index":"index","follow":"follow","max-snippet":"max-snippet:-1","max-image-preview":"max-image-preview:large","max-video-preview":"max-video-preview:-1"},"canonical":"https:\/\/zeutelier.fr\/?page_id=52","og_locale":"fr_FR","og_type":"article","og_title":"Bienvenue, Mais au fait, qui suis-je ?","og_description":"Bienvenue, Je suis un amateur, bricoleur, touche-\u00e0-tout, et surtout par tout ce qui ce qui peut se d\u00e9monter, se fabriquer ou se modifier.","og_url":"https:\/\/zeutelier.fr\/?page_id=52","og_site_name":"Zeutelier","article_publisher":"https:\/\/www.facebook.com\/zeutelier\/","article_modified_time":"2023-09-24T13:21:46+00:00","og_image":[{"url":"http:\/\/zeutelier.fr\/wp-content\/uploads\/2016\/12\/Benjamin-Copie.jpg","type":"","width":"","height":""}],"twitter_card":"summary_large_image","twitter_misc":{"Dur\u00e9e de lecture estim\u00e9e":"1 minute"},"schema":{"@context":"https:\/\/schema.org","@graph":[{"@type":"WebPage","@id":"https:\/\/zeutelier.fr\/?page_id=52","url":"https:\/\/zeutelier.fr\/?page_id=52","name":"Bienvenue, Mais au fait, qui suis-je ?","isPartOf":{"@id":"https:\/\/zeutelier.fr\/#website"},"primaryImageOfPage":{"@id":"https:\/\/zeutelier.fr\/?page_id=52#primaryimage"},"image":{"@id":"https:\/\/zeutelier.fr\/?page_id=52#primaryimage"},"thumbnailUrl":"http:\/\/zeutelier.fr\/wp-content\/uploads\/2016\/12\/Benjamin-Copie.jpg","datePublished":"2016-12-21T12:48:36+00:00","dateModified":"2023-09-24T13:21:46+00:00","description":"Bienvenue, Je suis un amateur, bricoleur, touche-\u00e0-tout, et surtout par tout ce qui ce qui peut se d\u00e9monter, se fabriquer ou se modifier.","breadcrumb":{"@id":"https:\/\/zeutelier.fr\/?page_id=52#breadcrumb"},"inLanguage":"fr-FR","potentialAction":[{"@type":"ReadAction","target":["https:\/\/zeutelier.fr\/?page_id=52"]}]},{"@type":"ImageObject","inLanguage":"fr-FR","@id":"https:\/\/zeutelier.fr\/?page_id=52#primaryimage","url":"http:\/\/zeutelier.fr\/wp-content\/uploads\/2016\/12\/Benjamin-Copie.jpg","contentUrl":"http:\/\/zeutelier.fr\/wp-content\/uploads\/2016\/12\/Benjamin-Copie.jpg"},{"@type":"BreadcrumbList","@id":"https:\/\/zeutelier.fr\/?page_id=52#breadcrumb","itemListElement":[{"@type":"ListItem","position":1,"name":"Accueil","item":"https:\/\/zeutelier.fr\/"},{"@type":"ListItem","position":2,"name":"Qui suis-je ????"}]},{"@type":"WebSite","@id":"https:\/\/zeutelier.fr\/#website","url":"https:\/\/zeutelier.fr\/","name":"Zeutelier","description":"L&#039;art de fabriquer des trucs avec n&#039;importe quoi","publisher":{"@id":"https:\/\/zeutelier.fr\/#organization"},"alternateName":"Zeu'telier","potentialAction":[{"@type":"SearchAction","target":{"@type":"EntryPoint","urlTemplate":"https:\/\/zeutelier.fr\/?s={search_term_string}"},"query-input":{"@type":"PropertyValueSpecification","valueRequired":true,"valueName":"search_term_string"}}],"inLanguage":"fr-FR"},{"@type":"Organization","@id":"https:\/\/zeutelier.fr\/#organization","name":"zeutelier","url":"https:\/\/zeutelier.fr\/","logo":{"@type":"ImageObject","inLanguage":"fr-FR","@id":"https:\/\/zeutelier.fr\/#\/schema\/logo\/image\/","url":"https:\/\/zeutelier.fr\/wp-content\/uploads\/2023\/09\/logo2.jpg","contentUrl":"https:\/\/zeutelier.fr\/wp-content\/uploads\/2023\/09\/logo2.jpg","width":800,"height":800,"caption":"zeutelier"},"image":{"@id":"https:\/\/zeutelier.fr\/#\/schema\/logo\/image\/"},"sameAs":["https:\/\/www.facebook.com\/zeutelier\/","https:\/\/www.pinterest.fr\/zeutelier\/"]}]}},"_links":{"self":[{"href":"https:\/\/zeutelier.fr\/index.php?rest_route=\/wp\/v2\/pages\/52","targetHints":{"allow":["GET"]}}],"collection":[{"href":"https:\/\/zeutelier.fr\/index.php?rest_route=\/wp\/v2\/pages"}],"about":[{"href":"https:\/\/zeutelier.fr\/index.php?rest_route=\/wp\/v2\/types\/page"}],"author":[{"embeddable":true,"href":"https:\/\/zeutelier.fr\/index.php?rest_route=\/wp\/v2\/users\/1"}],"replies":[{"embeddable":true,"href":"https:\/\/zeutelier.fr\/index.php?rest_route=%2Fwp%2Fv2%2Fcomments&post=52"}],"version-history":[{"count":1,"href":"https:\/\/zeutelier.fr\/index.php?rest_route=\/wp\/v2\/pages\/52\/revisions"}],"predecessor-version":[{"id":6487,"href":"https:\/\/zeutelier.fr\/index.php?rest_route=\/wp\/v2\/pages\/52\/revisions\/6487"}],"wp:attachment":[{"href":"https:\/\/zeutelier.fr\/index.php?rest_route=%2Fwp%2Fv2%2Fmedia&parent=52"}],"curies":[{"name":"wp","href":"https:\/\/api.w.org\/{rel}","templated":true}]}}