{"id":337,"date":"2017-03-05T14:36:44","date_gmt":"2017-03-05T13:36:44","guid":{"rendered":"http:\/\/zeutelier.free.fr\/?page_id=337"},"modified":"2026-04-21T10:12:29","modified_gmt":"2026-04-21T08:12:29","slug":"mentions-legales","status":"publish","type":"page","link":"https:\/\/zeutelier.fr\/?page_id=337","title":{"rendered":"Mentions l\u00e9gales"},"content":{"rendered":"\n<p><strong>Directeur de la Publication\u00a0:<\/strong><br> La totalit\u00e9 du contenu du site est \u00e9crit, corrig\u00e9 et publi\u00e9 par l&rsquo;auteur et propri\u00e9taire du site https:\/\/zeutelier.fr nomm\u00e9 par la suite Zeutelier. Zeutelier estune marqu\u00e9 \u00e0 titre personnel, g\u00e9r\u00e9 en nom propre par Benjamin LALUQUE, r\u00e9sident \u00e0 Mayres 63220 en France.<\/p>\n\n\n\n<p><strong>Raison Sociale de l\u2019H\u00e9bergeur :<\/strong><strong><br>\n<\/strong>ce site est h\u00e9berg\u00e9e par OVH dont les coordonn\u00e9es sont :<\/p>\n\n\n\n<p>FREE SAS2 rue Kellermann &#8211; 59100 Roubaix &#8211; France<\/p>\n\n\n\n<p>Pour contacter cet h\u00e9bergeur, rendez-vous \u00e0 l\u2019adresse&nbsp;<a href=\"https:\/\/www.ovhcloud.com\/fr\/\">https:\/\/www.ovhcloud.com\/fr\/<\/a><\/p>\n\n\n\n<p><strong>Propri\u00e9t\u00e9 intellectuelle :<br> <\/strong>Le contenu, textes, images cr\u00e9es par l&rsquo;auteur, \u00a0savoir-faire et tous les autres \u00e9l\u00e9ments composant le site sont la propri\u00e9t\u00e9 exclusive du site Zeutelier et son propri\u00e9taire.<br> Les logos et marques des soci\u00e9t\u00e9s cit\u00e9es sur le site sus-cit\u00e9 sont la propri\u00e9t\u00e9 exclusive de leurs auteurs respectifs.<br> Toute repr\u00e9sentation, reproduction, et\/ou exploitation, qu\u2019elle(s) soi(en)t partielle(s) ou totale(s), des marques pr\u00e9cit\u00e9es est (sont) interdite(s), sauf accord \u00e9crit et pr\u00e9alable de leurs titulaires.<\/p>\n\n\n\n<p><strong>Droits d\u2019auteur :<br> <\/strong>Toute repr\u00e9sentation totale ou partielle de ce site par qui que ce soit, sans l\u2019autorisation expresse de l&rsquo;auteur du site Zeutelier est interdite et constituerait une contrefa\u00e7on sanctionn\u00e9e par les articles L. 335-2 et suivants du Code de la propri\u00e9t\u00e9 intellectuelle.<br> L\u2019\u00e9laboration de liens hypertextes profonds vers le site Zeu&rsquo;telier est interdite sans l\u2019accord expr\u00e8s et pr\u00e9alable de l\u2019\u00e9diteur du site Zeutelier.<br> Par ailleurs, l\u2019utilisation des informations contenues sur le pr\u00e9sent site rel\u00e8ve de la seule responsabilit\u00e9 de l\u2019utilisateur. Nous ne pourrions en aucun cas, et pour quelque cause que ce soit, en \u00eatre tenus pour responsables, et ce, quelque en soit les cons\u00e9quences. Nous ne sommes responsables d\u2019aucune erreur ou omission sur le pr\u00e9sent site.<\/p>\n\n\n\n<p><strong>Avertissement g\u00e9n\u00e9ral :<br> <\/strong>La consultation du site Zeutelier est propos\u00e9e aux internautes \u00e0 titre gratuit et sans aucune garantie de la part de son \u00e9diteur.<br> Les informations disponibles sur le site Zeutelier qui proviennent de sources ext\u00e9rieures ne saurait garantir qu\u2019elles sont exemptes d\u2019erreurs, ni garantir leur compl\u00e9tude, leur actualit\u00e9, leur exhaustivit\u00e9 ou autre. Le contenu en lui m\u00eame du site Zeutelier ne saurait garantir qu\u2019il est exempte d\u2019erreurs, ni garantir sa compl\u00e9tude, son actualit\u00e9, son exhaustivit\u00e9 ou autre.<br> En cons\u00e9quence, il appartient \u00e0 l\u2019internaute d\u2019utiliser les informations figurant sur le site Internet \u00e0 ses risques et de proc\u00e9der \u00e0 toute v\u00e9rification sous sa responsabilit\u00e9 exclusive.<br> Le site Zeutelier ne serait \u00eatre tenu responsable de l\u2019interpr\u00e9tation faite par les internautes, quelle qu\u2019elle soit, de tous les renseignements, informations et conseils propos\u00e9s, et des cons\u00e9quences pouvant en d\u00e9couler.<br> Les propri\u00e9taires des sites marchands, de service, sites persos, sites informatiques et autre consult\u00e9s \u00e0 partir du site Zeutelier sont seuls responsables du respect par eux de l\u2019ensemble des r\u00e9glementations s\u2019appliquant dans le cadre des prestations offertes aux clients finaux.<\/p>\n\n\n\n<p><strong>Utilisation de Cookies :<br> <\/strong>Le site Zeutelier vous informe qu\u2019un ou plusieurs cookies (petits fichiers textes) peuvent s\u2019installer automatiquement sur le disque dur de votre ordinateur lors de votre visite. Ces cookies peuvent provenir des syst\u00e8me de statistiques ou de tout autre service propos\u00e9 sur le site Zeutelier.<br> Vous avez la possibilit\u00e9 de supprimer les cookies install\u00e9s lors de votre visite \u00e0 l\u2019aide de la barre d\u2019outils de votre navigateur.<\/p>\n\n\n\n<p><\/p>\n","protected":false},"excerpt":{"rendered":"<p>Directeur de la Publication\u00a0: La totalit\u00e9 du contenu du site est \u00e9crit, corrig\u00e9 et publi\u00e9 par l&rsquo;auteur et propri\u00e9taire du site https:\/\/zeutelier.fr nomm\u00e9 par la [&#8230;]<\/p>\n","protected":false},"author":1,"featured_media":0,"parent":0,"menu_order":0,"comment_status":"closed","ping_status":"closed","template":"","meta":{"footnotes":""},"class_list":["post-337","page","type-page","status-publish","hentry"],"yoast_head":"<!-- This site is optimized with the Yoast SEO plugin v27.4 - https:\/\/yoast.com\/product\/yoast-seo-wordpress\/ -->\n<title>Mentions l\u00e9gales - Zeutelier<\/title>\n<meta name=\"robots\" content=\"index, follow, max-snippet:-1, max-image-preview:large, max-video-preview:-1\" \/>\n<link rel=\"canonical\" href=\"https:\/\/zeutelier.fr\/?page_id=337\" \/>\n<meta property=\"og:locale\" content=\"fr_FR\" \/>\n<meta property=\"og:type\" content=\"article\" \/>\n<meta property=\"og:title\" content=\"Mentions l\u00e9gales - Zeutelier\" \/>\n<meta property=\"og:description\" content=\"Directeur de la Publication\u00a0: La totalit\u00e9 du contenu du site est \u00e9crit, corrig\u00e9 et publi\u00e9 par l&rsquo;auteur et propri\u00e9taire du site https:\/\/zeutelier.fr nomm\u00e9 par la [...]\" \/>\n<meta property=\"og:url\" content=\"https:\/\/zeutelier.fr\/?page_id=337\" \/>\n<meta property=\"og:site_name\" content=\"Zeutelier\" \/>\n<meta property=\"article:publisher\" content=\"https:\/\/www.facebook.com\/zeutelier\/\" \/>\n<meta property=\"article:modified_time\" content=\"2026-04-21T08:12:29+00:00\" \/>\n<meta property=\"og:image\" content=\"https:\/\/zeutelier.fr\/wp-content\/uploads\/2023\/09\/logo3.jpg\" \/>\n\t<meta property=\"og:image:width\" content=\"400\" \/>\n\t<meta property=\"og:image:height\" content=\"400\" \/>\n\t<meta property=\"og:image:type\" content=\"image\/jpeg\" \/>\n<meta name=\"twitter:card\" content=\"summary_large_image\" \/>\n<meta name=\"twitter:label1\" content=\"Dur\u00e9e de lecture estim\u00e9e\" \/>\n\t<meta name=\"twitter:data1\" content=\"3 minutes\" \/>\n<script type=\"application\/ld+json\" class=\"yoast-schema-graph\">{\"@context\":\"https:\\\/\\\/schema.org\",\"@graph\":[{\"@type\":\"WebPage\",\"@id\":\"https:\\\/\\\/zeutelier.fr\\\/?page_id=337\",\"url\":\"https:\\\/\\\/zeutelier.fr\\\/?page_id=337\",\"name\":\"Mentions l\u00e9gales - Zeutelier\",\"isPartOf\":{\"@id\":\"https:\\\/\\\/zeutelier.fr\\\/#website\"},\"datePublished\":\"2017-03-05T13:36:44+00:00\",\"dateModified\":\"2026-04-21T08:12:29+00:00\",\"breadcrumb\":{\"@id\":\"https:\\\/\\\/zeutelier.fr\\\/?page_id=337#breadcrumb\"},\"inLanguage\":\"fr-FR\",\"potentialAction\":[{\"@type\":\"ReadAction\",\"target\":[\"https:\\\/\\\/zeutelier.fr\\\/?page_id=337\"]}]},{\"@type\":\"BreadcrumbList\",\"@id\":\"https:\\\/\\\/zeutelier.fr\\\/?page_id=337#breadcrumb\",\"itemListElement\":[{\"@type\":\"ListItem\",\"position\":1,\"name\":\"Accueil\",\"item\":\"https:\\\/\\\/zeutelier.fr\\\/\"},{\"@type\":\"ListItem\",\"position\":2,\"name\":\"Mentions l\u00e9gales\"}]},{\"@type\":\"WebSite\",\"@id\":\"https:\\\/\\\/zeutelier.fr\\\/#website\",\"url\":\"https:\\\/\\\/zeutelier.fr\\\/\",\"name\":\"Zeutelier\",\"description\":\"L&#039;art de fabriquer des trucs avec n&#039;importe quoi\",\"publisher\":{\"@id\":\"https:\\\/\\\/zeutelier.fr\\\/#organization\"},\"alternateName\":\"Zeu'telier\",\"potentialAction\":[{\"@type\":\"SearchAction\",\"target\":{\"@type\":\"EntryPoint\",\"urlTemplate\":\"https:\\\/\\\/zeutelier.fr\\\/?s={search_term_string}\"},\"query-input\":{\"@type\":\"PropertyValueSpecification\",\"valueRequired\":true,\"valueName\":\"search_term_string\"}}],\"inLanguage\":\"fr-FR\"},{\"@type\":\"Organization\",\"@id\":\"https:\\\/\\\/zeutelier.fr\\\/#organization\",\"name\":\"zeutelier\",\"url\":\"https:\\\/\\\/zeutelier.fr\\\/\",\"logo\":{\"@type\":\"ImageObject\",\"inLanguage\":\"fr-FR\",\"@id\":\"https:\\\/\\\/zeutelier.fr\\\/#\\\/schema\\\/logo\\\/image\\\/\",\"url\":\"https:\\\/\\\/zeutelier.fr\\\/wp-content\\\/uploads\\\/2023\\\/09\\\/logo2.jpg\",\"contentUrl\":\"https:\\\/\\\/zeutelier.fr\\\/wp-content\\\/uploads\\\/2023\\\/09\\\/logo2.jpg\",\"width\":800,\"height\":800,\"caption\":\"zeutelier\"},\"image\":{\"@id\":\"https:\\\/\\\/zeutelier.fr\\\/#\\\/schema\\\/logo\\\/image\\\/\"},\"sameAs\":[\"https:\\\/\\\/www.facebook.com\\\/zeutelier\\\/\",\"https:\\\/\\\/www.pinterest.fr\\\/zeutelier\\\/\"]}]}<\/script>\n<!-- \/ Yoast SEO plugin. -->","yoast_head_json":{"title":"Mentions l\u00e9gales - Zeutelier","robots":{"index":"index","follow":"follow","max-snippet":"max-snippet:-1","max-image-preview":"max-image-preview:large","max-video-preview":"max-video-preview:-1"},"canonical":"https:\/\/zeutelier.fr\/?page_id=337","og_locale":"fr_FR","og_type":"article","og_title":"Mentions l\u00e9gales - Zeutelier","og_description":"Directeur de la Publication\u00a0: La totalit\u00e9 du contenu du site est \u00e9crit, corrig\u00e9 et publi\u00e9 par l&rsquo;auteur et propri\u00e9taire du site https:\/\/zeutelier.fr nomm\u00e9 par la [...]","og_url":"https:\/\/zeutelier.fr\/?page_id=337","og_site_name":"Zeutelier","article_publisher":"https:\/\/www.facebook.com\/zeutelier\/","article_modified_time":"2026-04-21T08:12:29+00:00","og_image":[{"width":400,"height":400,"url":"https:\/\/zeutelier.fr\/wp-content\/uploads\/2023\/09\/logo3.jpg","type":"image\/jpeg"}],"twitter_card":"summary_large_image","twitter_misc":{"Dur\u00e9e de lecture estim\u00e9e":"3 minutes"},"schema":{"@context":"https:\/\/schema.org","@graph":[{"@type":"WebPage","@id":"https:\/\/zeutelier.fr\/?page_id=337","url":"https:\/\/zeutelier.fr\/?page_id=337","name":"Mentions l\u00e9gales - Zeutelier","isPartOf":{"@id":"https:\/\/zeutelier.fr\/#website"},"datePublished":"2017-03-05T13:36:44+00:00","dateModified":"2026-04-21T08:12:29+00:00","breadcrumb":{"@id":"https:\/\/zeutelier.fr\/?page_id=337#breadcrumb"},"inLanguage":"fr-FR","potentialAction":[{"@type":"ReadAction","target":["https:\/\/zeutelier.fr\/?page_id=337"]}]},{"@type":"BreadcrumbList","@id":"https:\/\/zeutelier.fr\/?page_id=337#breadcrumb","itemListElement":[{"@type":"ListItem","position":1,"name":"Accueil","item":"https:\/\/zeutelier.fr\/"},{"@type":"ListItem","position":2,"name":"Mentions l\u00e9gales"}]},{"@type":"WebSite","@id":"https:\/\/zeutelier.fr\/#website","url":"https:\/\/zeutelier.fr\/","name":"Zeutelier","description":"L&#039;art de fabriquer des trucs avec n&#039;importe quoi","publisher":{"@id":"https:\/\/zeutelier.fr\/#organization"},"alternateName":"Zeu'telier","potentialAction":[{"@type":"SearchAction","target":{"@type":"EntryPoint","urlTemplate":"https:\/\/zeutelier.fr\/?s={search_term_string}"},"query-input":{"@type":"PropertyValueSpecification","valueRequired":true,"valueName":"search_term_string"}}],"inLanguage":"fr-FR"},{"@type":"Organization","@id":"https:\/\/zeutelier.fr\/#organization","name":"zeutelier","url":"https:\/\/zeutelier.fr\/","logo":{"@type":"ImageObject","inLanguage":"fr-FR","@id":"https:\/\/zeutelier.fr\/#\/schema\/logo\/image\/","url":"https:\/\/zeutelier.fr\/wp-content\/uploads\/2023\/09\/logo2.jpg","contentUrl":"https:\/\/zeutelier.fr\/wp-content\/uploads\/2023\/09\/logo2.jpg","width":800,"height":800,"caption":"zeutelier"},"image":{"@id":"https:\/\/zeutelier.fr\/#\/schema\/logo\/image\/"},"sameAs":["https:\/\/www.facebook.com\/zeutelier\/","https:\/\/www.pinterest.fr\/zeutelier\/"]}]}},"_links":{"self":[{"href":"https:\/\/zeutelier.fr\/index.php?rest_route=\/wp\/v2\/pages\/337","targetHints":{"allow":["GET"]}}],"collection":[{"href":"https:\/\/zeutelier.fr\/index.php?rest_route=\/wp\/v2\/pages"}],"about":[{"href":"https:\/\/zeutelier.fr\/index.php?rest_route=\/wp\/v2\/types\/page"}],"author":[{"embeddable":true,"href":"https:\/\/zeutelier.fr\/index.php?rest_route=\/wp\/v2\/users\/1"}],"replies":[{"embeddable":true,"href":"https:\/\/zeutelier.fr\/index.php?rest_route=%2Fwp%2Fv2%2Fcomments&post=337"}],"version-history":[{"count":3,"href":"https:\/\/zeutelier.fr\/index.php?rest_route=\/wp\/v2\/pages\/337\/revisions"}],"predecessor-version":[{"id":7376,"href":"https:\/\/zeutelier.fr\/index.php?rest_route=\/wp\/v2\/pages\/337\/revisions\/7376"}],"wp:attachment":[{"href":"https:\/\/zeutelier.fr\/index.php?rest_route=%2Fwp%2Fv2%2Fmedia&parent=337"}],"curies":[{"name":"wp","href":"https:\/\/api.w.org\/{rel}","templated":true}]}}