{"id":1574,"date":"2023-09-18T19:01:27","date_gmt":"2023-09-18T17:01:27","guid":{"rendered":"https:\/\/zeutelier.fr\/?page_id=1574"},"modified":"2023-09-18T19:01:29","modified_gmt":"2023-09-18T17:01:29","slug":"404-2","status":"publish","type":"page","link":"https:\/\/zeutelier.fr\/?page_id=1574","title":{"rendered":"404"},"content":{"rendered":"\n<figure class=\"wp-block-image size-large\"><img loading=\"lazy\" decoding=\"async\" width=\"1024\" height=\"682\" src=\"https:\/\/zeutelier.fr\/wp-content\/uploads\/2023\/09\/first-aid-3082670_1280-1024x682.jpg\" alt=\"\" class=\"wp-image-1575\" srcset=\"https:\/\/zeutelier.fr\/wp-content\/uploads\/2023\/09\/first-aid-3082670_1280-1024x682.jpg 1024w, https:\/\/zeutelier.fr\/wp-content\/uploads\/2023\/09\/first-aid-3082670_1280-300x200.jpg 300w, https:\/\/zeutelier.fr\/wp-content\/uploads\/2023\/09\/first-aid-3082670_1280-768x511.jpg 768w, https:\/\/zeutelier.fr\/wp-content\/uploads\/2023\/09\/first-aid-3082670_1280.jpg 1280w\" sizes=\"auto, (max-width: 1024px) 100vw, 1024px\" \/><\/figure>\n\n\n\n<p>La page ou l&rsquo;article demand\u00e9 n&rsquo;a pas pu \u00eatre trouv\u00e9, d\u00e9sol\u00e9. Certainement agress\u00e9(e) par un coup de marteau maladroit, la chute d&rsquo;un objet trop lourd pour ce pauvre orteil ou l&rsquo;attaque pernicieuse d&rsquo;une scie japonaise, il\/elle se remet doucement et reviendra peut \u00eatre un peu plus tard. D&rsquo;ici l\u00e0, retour \u00e0 l&rsquo;accueil.<\/p>\n\n\n\n<figure class=\"wp-block-image aligncenter size-full is-resized\"><a href=\"https:\/\/zeutelier.fr\"><img loading=\"lazy\" decoding=\"async\" src=\"https:\/\/zeutelier.fr\/wp-content\/uploads\/2023\/09\/cropped-logo2.jpg\" alt=\"\" class=\"wp-image-1559\" style=\"width:266px;height:266px\" width=\"266\" height=\"266\" srcset=\"https:\/\/zeutelier.fr\/wp-content\/uploads\/2023\/09\/cropped-logo2.jpg 512w, https:\/\/zeutelier.fr\/wp-content\/uploads\/2023\/09\/cropped-logo2-300x300.jpg 300w, https:\/\/zeutelier.fr\/wp-content\/uploads\/2023\/09\/cropped-logo2-150x150.jpg 150w, https:\/\/zeutelier.fr\/wp-content\/uploads\/2023\/09\/cropped-logo2-270x270.jpg 270w, https:\/\/zeutelier.fr\/wp-content\/uploads\/2023\/09\/cropped-logo2-192x192.jpg 192w, https:\/\/zeutelier.fr\/wp-content\/uploads\/2023\/09\/cropped-logo2-180x180.jpg 180w, https:\/\/zeutelier.fr\/wp-content\/uploads\/2023\/09\/cropped-logo2-32x32.jpg 32w\" sizes=\"auto, (max-width: 266px) 100vw, 266px\" \/><\/a><\/figure>\n\n\n\n<p><\/p>\n\n\n\n<p><\/p>\n","protected":false},"excerpt":{"rendered":"<p>La page ou l&rsquo;article demand\u00e9 n&rsquo;a pas pu \u00eatre trouv\u00e9, d\u00e9sol\u00e9. Certainement agress\u00e9(e) par un coup de marteau maladroit, la chute d&rsquo;un objet trop lourd [&#8230;]<\/p>\n","protected":false},"author":1,"featured_media":0,"parent":0,"menu_order":0,"comment_status":"closed","ping_status":"closed","template":"","meta":{"footnotes":""},"class_list":["post-1574","page","type-page","status-publish","hentry"],"yoast_head":"<!-- This site is optimized with the Yoast SEO plugin v27.3 - https:\/\/yoast.com\/product\/yoast-seo-wordpress\/ -->\n<title>404 - Zeutelier<\/title>\n<meta name=\"robots\" content=\"index, follow, max-snippet:-1, max-image-preview:large, max-video-preview:-1\" \/>\n<link rel=\"canonical\" href=\"https:\/\/zeutelier.fr\/?page_id=1574\" \/>\n<meta property=\"og:locale\" content=\"fr_FR\" \/>\n<meta property=\"og:type\" content=\"article\" \/>\n<meta property=\"og:title\" content=\"404 - Zeutelier\" \/>\n<meta property=\"og:description\" content=\"La page ou l&rsquo;article demand\u00e9 n&rsquo;a pas pu \u00eatre trouv\u00e9, d\u00e9sol\u00e9. Certainement agress\u00e9(e) par un coup de marteau maladroit, la chute d&rsquo;un objet trop lourd [...]\" \/>\n<meta property=\"og:url\" content=\"https:\/\/zeutelier.fr\/?page_id=1574\" \/>\n<meta property=\"og:site_name\" content=\"Zeutelier\" \/>\n<meta property=\"article:publisher\" content=\"https:\/\/www.facebook.com\/zeutelier\/\" \/>\n<meta property=\"article:modified_time\" content=\"2023-09-18T17:01:29+00:00\" \/>\n<meta property=\"og:image\" content=\"https:\/\/zeutelier.fr\/wp-content\/uploads\/2023\/09\/first-aid-3082670_1280-1024x682.jpg\" \/>\n<meta name=\"twitter:card\" content=\"summary_large_image\" \/>\n<meta name=\"twitter:label1\" content=\"Dur\u00e9e de lecture estim\u00e9e\" \/>\n\t<meta name=\"twitter:data1\" content=\"1 minute\" \/>\n<script type=\"application\/ld+json\" class=\"yoast-schema-graph\">{\"@context\":\"https:\\\/\\\/schema.org\",\"@graph\":[{\"@type\":\"WebPage\",\"@id\":\"https:\\\/\\\/zeutelier.fr\\\/?page_id=1574\",\"url\":\"https:\\\/\\\/zeutelier.fr\\\/?page_id=1574\",\"name\":\"404 - Zeutelier\",\"isPartOf\":{\"@id\":\"https:\\\/\\\/zeutelier.fr\\\/#website\"},\"primaryImageOfPage\":{\"@id\":\"https:\\\/\\\/zeutelier.fr\\\/?page_id=1574#primaryimage\"},\"image\":{\"@id\":\"https:\\\/\\\/zeutelier.fr\\\/?page_id=1574#primaryimage\"},\"thumbnailUrl\":\"https:\\\/\\\/zeutelier.fr\\\/wp-content\\\/uploads\\\/2023\\\/09\\\/first-aid-3082670_1280-1024x682.jpg\",\"datePublished\":\"2023-09-18T17:01:27+00:00\",\"dateModified\":\"2023-09-18T17:01:29+00:00\",\"breadcrumb\":{\"@id\":\"https:\\\/\\\/zeutelier.fr\\\/?page_id=1574#breadcrumb\"},\"inLanguage\":\"fr-FR\",\"potentialAction\":[{\"@type\":\"ReadAction\",\"target\":[\"https:\\\/\\\/zeutelier.fr\\\/?page_id=1574\"]}]},{\"@type\":\"ImageObject\",\"inLanguage\":\"fr-FR\",\"@id\":\"https:\\\/\\\/zeutelier.fr\\\/?page_id=1574#primaryimage\",\"url\":\"https:\\\/\\\/zeutelier.fr\\\/wp-content\\\/uploads\\\/2023\\\/09\\\/first-aid-3082670_1280-1024x682.jpg\",\"contentUrl\":\"https:\\\/\\\/zeutelier.fr\\\/wp-content\\\/uploads\\\/2023\\\/09\\\/first-aid-3082670_1280-1024x682.jpg\"},{\"@type\":\"BreadcrumbList\",\"@id\":\"https:\\\/\\\/zeutelier.fr\\\/?page_id=1574#breadcrumb\",\"itemListElement\":[{\"@type\":\"ListItem\",\"position\":1,\"name\":\"Accueil\",\"item\":\"https:\\\/\\\/zeutelier.fr\\\/\"},{\"@type\":\"ListItem\",\"position\":2,\"name\":\"404\"}]},{\"@type\":\"WebSite\",\"@id\":\"https:\\\/\\\/zeutelier.fr\\\/#website\",\"url\":\"https:\\\/\\\/zeutelier.fr\\\/\",\"name\":\"Zeutelier\",\"description\":\"L&#039;art de fabriquer des trucs avec n&#039;importe quoi\",\"publisher\":{\"@id\":\"https:\\\/\\\/zeutelier.fr\\\/#organization\"},\"alternateName\":\"Zeu'telier\",\"potentialAction\":[{\"@type\":\"SearchAction\",\"target\":{\"@type\":\"EntryPoint\",\"urlTemplate\":\"https:\\\/\\\/zeutelier.fr\\\/?s={search_term_string}\"},\"query-input\":{\"@type\":\"PropertyValueSpecification\",\"valueRequired\":true,\"valueName\":\"search_term_string\"}}],\"inLanguage\":\"fr-FR\"},{\"@type\":\"Organization\",\"@id\":\"https:\\\/\\\/zeutelier.fr\\\/#organization\",\"name\":\"zeutelier\",\"url\":\"https:\\\/\\\/zeutelier.fr\\\/\",\"logo\":{\"@type\":\"ImageObject\",\"inLanguage\":\"fr-FR\",\"@id\":\"https:\\\/\\\/zeutelier.fr\\\/#\\\/schema\\\/logo\\\/image\\\/\",\"url\":\"https:\\\/\\\/zeutelier.fr\\\/wp-content\\\/uploads\\\/2023\\\/09\\\/logo2.jpg\",\"contentUrl\":\"https:\\\/\\\/zeutelier.fr\\\/wp-content\\\/uploads\\\/2023\\\/09\\\/logo2.jpg\",\"width\":800,\"height\":800,\"caption\":\"zeutelier\"},\"image\":{\"@id\":\"https:\\\/\\\/zeutelier.fr\\\/#\\\/schema\\\/logo\\\/image\\\/\"},\"sameAs\":[\"https:\\\/\\\/www.facebook.com\\\/zeutelier\\\/\",\"https:\\\/\\\/www.pinterest.fr\\\/zeutelier\\\/\"]}]}<\/script>\n<!-- \/ Yoast SEO plugin. -->","yoast_head_json":{"title":"404 - Zeutelier","robots":{"index":"index","follow":"follow","max-snippet":"max-snippet:-1","max-image-preview":"max-image-preview:large","max-video-preview":"max-video-preview:-1"},"canonical":"https:\/\/zeutelier.fr\/?page_id=1574","og_locale":"fr_FR","og_type":"article","og_title":"404 - Zeutelier","og_description":"La page ou l&rsquo;article demand\u00e9 n&rsquo;a pas pu \u00eatre trouv\u00e9, d\u00e9sol\u00e9. Certainement agress\u00e9(e) par un coup de marteau maladroit, la chute d&rsquo;un objet trop lourd [...]","og_url":"https:\/\/zeutelier.fr\/?page_id=1574","og_site_name":"Zeutelier","article_publisher":"https:\/\/www.facebook.com\/zeutelier\/","article_modified_time":"2023-09-18T17:01:29+00:00","og_image":[{"url":"https:\/\/zeutelier.fr\/wp-content\/uploads\/2023\/09\/first-aid-3082670_1280-1024x682.jpg","type":"","width":"","height":""}],"twitter_card":"summary_large_image","twitter_misc":{"Dur\u00e9e de lecture estim\u00e9e":"1 minute"},"schema":{"@context":"https:\/\/schema.org","@graph":[{"@type":"WebPage","@id":"https:\/\/zeutelier.fr\/?page_id=1574","url":"https:\/\/zeutelier.fr\/?page_id=1574","name":"404 - Zeutelier","isPartOf":{"@id":"https:\/\/zeutelier.fr\/#website"},"primaryImageOfPage":{"@id":"https:\/\/zeutelier.fr\/?page_id=1574#primaryimage"},"image":{"@id":"https:\/\/zeutelier.fr\/?page_id=1574#primaryimage"},"thumbnailUrl":"https:\/\/zeutelier.fr\/wp-content\/uploads\/2023\/09\/first-aid-3082670_1280-1024x682.jpg","datePublished":"2023-09-18T17:01:27+00:00","dateModified":"2023-09-18T17:01:29+00:00","breadcrumb":{"@id":"https:\/\/zeutelier.fr\/?page_id=1574#breadcrumb"},"inLanguage":"fr-FR","potentialAction":[{"@type":"ReadAction","target":["https:\/\/zeutelier.fr\/?page_id=1574"]}]},{"@type":"ImageObject","inLanguage":"fr-FR","@id":"https:\/\/zeutelier.fr\/?page_id=1574#primaryimage","url":"https:\/\/zeutelier.fr\/wp-content\/uploads\/2023\/09\/first-aid-3082670_1280-1024x682.jpg","contentUrl":"https:\/\/zeutelier.fr\/wp-content\/uploads\/2023\/09\/first-aid-3082670_1280-1024x682.jpg"},{"@type":"BreadcrumbList","@id":"https:\/\/zeutelier.fr\/?page_id=1574#breadcrumb","itemListElement":[{"@type":"ListItem","position":1,"name":"Accueil","item":"https:\/\/zeutelier.fr\/"},{"@type":"ListItem","position":2,"name":"404"}]},{"@type":"WebSite","@id":"https:\/\/zeutelier.fr\/#website","url":"https:\/\/zeutelier.fr\/","name":"Zeutelier","description":"L&#039;art de fabriquer des trucs avec n&#039;importe quoi","publisher":{"@id":"https:\/\/zeutelier.fr\/#organization"},"alternateName":"Zeu'telier","potentialAction":[{"@type":"SearchAction","target":{"@type":"EntryPoint","urlTemplate":"https:\/\/zeutelier.fr\/?s={search_term_string}"},"query-input":{"@type":"PropertyValueSpecification","valueRequired":true,"valueName":"search_term_string"}}],"inLanguage":"fr-FR"},{"@type":"Organization","@id":"https:\/\/zeutelier.fr\/#organization","name":"zeutelier","url":"https:\/\/zeutelier.fr\/","logo":{"@type":"ImageObject","inLanguage":"fr-FR","@id":"https:\/\/zeutelier.fr\/#\/schema\/logo\/image\/","url":"https:\/\/zeutelier.fr\/wp-content\/uploads\/2023\/09\/logo2.jpg","contentUrl":"https:\/\/zeutelier.fr\/wp-content\/uploads\/2023\/09\/logo2.jpg","width":800,"height":800,"caption":"zeutelier"},"image":{"@id":"https:\/\/zeutelier.fr\/#\/schema\/logo\/image\/"},"sameAs":["https:\/\/www.facebook.com\/zeutelier\/","https:\/\/www.pinterest.fr\/zeutelier\/"]}]}},"_links":{"self":[{"href":"https:\/\/zeutelier.fr\/index.php?rest_route=\/wp\/v2\/pages\/1574","targetHints":{"allow":["GET"]}}],"collection":[{"href":"https:\/\/zeutelier.fr\/index.php?rest_route=\/wp\/v2\/pages"}],"about":[{"href":"https:\/\/zeutelier.fr\/index.php?rest_route=\/wp\/v2\/types\/page"}],"author":[{"embeddable":true,"href":"https:\/\/zeutelier.fr\/index.php?rest_route=\/wp\/v2\/users\/1"}],"replies":[{"embeddable":true,"href":"https:\/\/zeutelier.fr\/index.php?rest_route=%2Fwp%2Fv2%2Fcomments&post=1574"}],"version-history":[{"count":2,"href":"https:\/\/zeutelier.fr\/index.php?rest_route=\/wp\/v2\/pages\/1574\/revisions"}],"predecessor-version":[{"id":1578,"href":"https:\/\/zeutelier.fr\/index.php?rest_route=\/wp\/v2\/pages\/1574\/revisions\/1578"}],"wp:attachment":[{"href":"https:\/\/zeutelier.fr\/index.php?rest_route=%2Fwp%2Fv2%2Fmedia&parent=1574"}],"curies":[{"name":"wp","href":"https:\/\/api.w.org\/{rel}","templated":true}]}}